{"id":520,"date":"2025-07-03T11:48:30","date_gmt":"2025-07-03T11:48:30","guid":{"rendered":"https:\/\/training.3d2cut.com\/?page_id=520"},"modified":"2025-10-02T09:27:30","modified_gmt":"2025-10-02T09:27:30","slug":"user-manuals","status":"publish","type":"page","link":"https:\/\/training.3d2cut.com\/pt\/user-manuals\/","title":{"rendered":"Pr\u00e1ticas de poda - Manual do utilizador"},"content":{"rendered":"<h3 class=\"wp-block-heading\"><strong>1. Introdu\u00e7\u00e3o<\/strong><\/h3>\n\n\n\n<p>A Pruning Practice \u00e9 uma aplica\u00e7\u00e3o m\u00f3vel alimentada por IA que ajuda os utilizadores a aprender e a dominar as t\u00e9cnicas de poda da vinha atrav\u00e9s de forma\u00e7\u00e3o estruturada, exerc\u00edcios interactivos e acompanhamento dos progressos.<\/p>\n\n\n\n<h3 class=\"wp-block-heading\"><strong>2. Come\u00e7ar<\/strong><\/h3>\n\n\n\n<ul class=\"wp-block-list\">\n<li>Descarregar o <a href=\"https:\/\/apps.apple.com\/us\/app\/pruning-practice\/id6746447032?platform=iphone\"><strong>Aplica\u00e7\u00e3o de pr\u00e1tica de poda<\/strong><\/a> do <strong>App Store<\/strong>. <strong style=\"color:red;\">(Aplica\u00e7\u00e3o para Android em breve)<\/strong><\/li>\n\n\n\n<li>Iniciar sess\u00e3o com <strong>Apple<\/strong> ou <strong>Google<\/strong>.<\/li>\n\n\n\n<li>Utilize o mesmo e-mail que a sua plataforma de treino para sincronizar o progresso.<\/li>\n<\/ul>\n\n\n\n<p>&nbsp;<strong>Ecr\u00e3 de in\u00edcio de sess\u00e3o<\/strong><\/p>\n\n\n\n<figure class=\"wp-block-image size-large\"><img loading=\"lazy\" decoding=\"async\" width=\"471\" height=\"1024\" src=\"https:\/\/training.3d2cut.com\/wp-content\/uploads\/2025\/08\/IMG_2918-471x1024.png\" alt=\"\" class=\"wp-image-698\" srcset=\"https:\/\/training.3d2cut.com\/wp-content\/uploads\/2025\/08\/IMG_2918-471x1024.png 471w, https:\/\/training.3d2cut.com\/wp-content\/uploads\/2025\/08\/IMG_2918-138x300.png 138w, https:\/\/training.3d2cut.com\/wp-content\/uploads\/2025\/08\/IMG_2918-768x1670.png 768w, https:\/\/training.3d2cut.com\/wp-content\/uploads\/2025\/08\/IMG_2918-706x1536.png 706w, https:\/\/training.3d2cut.com\/wp-content\/uploads\/2025\/08\/IMG_2918-942x2048.png 942w, https:\/\/training.3d2cut.com\/wp-content\/uploads\/2025\/08\/IMG_2918-500x1087.png 500w, https:\/\/training.3d2cut.com\/wp-content\/uploads\/2025\/08\/IMG_2918-800x1739.png 800w, https:\/\/training.3d2cut.com\/wp-content\/uploads\/2025\/08\/IMG_2918-scaled.png 1177w\" sizes=\"auto, (max-width: 471px) 100vw, 471px\" \/><\/figure>\n\n\n\n<h3 class=\"wp-block-heading\"><strong>3. Navegar na aplica\u00e7\u00e3o<\/strong><\/h3>\n\n\n\n<ul class=\"wp-block-list\">\n<li><strong>Painel de controlo<\/strong>: Ver cursos actuais, estat\u00edsticas e acesso r\u00e1pido a exerc\u00edcios.<\/li>\n\n\n\n<li><strong>Perfil<\/strong>: Gerir a sua conta, verificar as notifica\u00e7\u00f5es e obter apoio.<\/li>\n<\/ul>\n\n\n\n<p><strong>Vista do painel de controlo<\/strong><\/p>\n\n\n\n<figure class=\"wp-block-image size-large\"><img loading=\"lazy\" decoding=\"async\" width=\"471\" height=\"1024\" src=\"https:\/\/training.3d2cut.com\/wp-content\/uploads\/2025\/08\/IMG_2924-471x1024.png\" alt=\"\" class=\"wp-image-699\" srcset=\"https:\/\/training.3d2cut.com\/wp-content\/uploads\/2025\/08\/IMG_2924-471x1024.png 471w, https:\/\/training.3d2cut.com\/wp-content\/uploads\/2025\/08\/IMG_2924-138x300.png 138w, https:\/\/training.3d2cut.com\/wp-content\/uploads\/2025\/08\/IMG_2924-768x1670.png 768w, https:\/\/training.3d2cut.com\/wp-content\/uploads\/2025\/08\/IMG_2924-706x1536.png 706w, https:\/\/training.3d2cut.com\/wp-content\/uploads\/2025\/08\/IMG_2924-942x2048.png 942w, https:\/\/training.3d2cut.com\/wp-content\/uploads\/2025\/08\/IMG_2924-500x1087.png 500w, https:\/\/training.3d2cut.com\/wp-content\/uploads\/2025\/08\/IMG_2924-800x1739.png 800w, https:\/\/training.3d2cut.com\/wp-content\/uploads\/2025\/08\/IMG_2924-scaled.png 1177w\" sizes=\"auto, (max-width: 471px) 100vw, 471px\" \/><\/figure>\n\n\n\n<p><strong>Vis\u00e3o geral do curso<\/strong><\/p>\n\n\n\n<figure class=\"wp-block-image size-large\"><img loading=\"lazy\" decoding=\"async\" width=\"471\" height=\"1024\" src=\"https:\/\/training.3d2cut.com\/wp-content\/uploads\/2025\/09\/IMG_2160-471x1024.jpg\" alt=\"\" class=\"wp-image-1754\" srcset=\"https:\/\/training.3d2cut.com\/wp-content\/uploads\/2025\/09\/IMG_2160-471x1024.jpg 471w, https:\/\/training.3d2cut.com\/wp-content\/uploads\/2025\/09\/IMG_2160-138x300.jpg 138w, https:\/\/training.3d2cut.com\/wp-content\/uploads\/2025\/09\/IMG_2160-768x1670.jpg 768w, https:\/\/training.3d2cut.com\/wp-content\/uploads\/2025\/09\/IMG_2160-706x1536.jpg 706w, https:\/\/training.3d2cut.com\/wp-content\/uploads\/2025\/09\/IMG_2160-942x2048.jpg 942w, https:\/\/training.3d2cut.com\/wp-content\/uploads\/2025\/09\/IMG_2160-6x12.jpg 6w, https:\/\/training.3d2cut.com\/wp-content\/uploads\/2025\/09\/IMG_2160-500x1087.jpg 500w, https:\/\/training.3d2cut.com\/wp-content\/uploads\/2025\/09\/IMG_2160-800x1739.jpg 800w, https:\/\/training.3d2cut.com\/wp-content\/uploads\/2025\/09\/IMG_2160-scaled.jpg 1177w\" sizes=\"auto, (max-width: 471px) 100vw, 471px\" \/><\/figure>\n\n\n\n<h3 class=\"wp-block-heading\"><strong>4. Cursos e exerc\u00edcios<\/strong><\/h3>\n\n\n\n<p>Cada curso inclui li\u00e7\u00f5es com question\u00e1rios e exerc\u00edcios visuais:<\/p>\n\n\n\n<ul class=\"wp-block-list\">\n<li>Perguntas de escolha m\u00faltipla<\/li>\n\n\n\n<li>Tarefas de imagem (por exemplo, identificar bot\u00f5es dormentes)<\/li>\n<\/ul>\n\n\n\n<p><strong>Exemplo de pergunta<\/strong><\/p>\n\n\n\n<figure class=\"wp-block-image size-large\"><img loading=\"lazy\" decoding=\"async\" width=\"471\" height=\"1024\" src=\"https:\/\/training.3d2cut.com\/wp-content\/uploads\/2025\/09\/IMG_2162-471x1024.jpg\" alt=\"\" class=\"wp-image-1755\" srcset=\"https:\/\/training.3d2cut.com\/wp-content\/uploads\/2025\/09\/IMG_2162-471x1024.jpg 471w, https:\/\/training.3d2cut.com\/wp-content\/uploads\/2025\/09\/IMG_2162-138x300.jpg 138w, https:\/\/training.3d2cut.com\/wp-content\/uploads\/2025\/09\/IMG_2162-768x1670.jpg 768w, https:\/\/training.3d2cut.com\/wp-content\/uploads\/2025\/09\/IMG_2162-706x1536.jpg 706w, https:\/\/training.3d2cut.com\/wp-content\/uploads\/2025\/09\/IMG_2162-942x2048.jpg 942w, https:\/\/training.3d2cut.com\/wp-content\/uploads\/2025\/09\/IMG_2162-6x12.jpg 6w, https:\/\/training.3d2cut.com\/wp-content\/uploads\/2025\/09\/IMG_2162-500x1087.jpg 500w, https:\/\/training.3d2cut.com\/wp-content\/uploads\/2025\/09\/IMG_2162-800x1739.jpg 800w, https:\/\/training.3d2cut.com\/wp-content\/uploads\/2025\/09\/IMG_2162-scaled.jpg 1177w\" sizes=\"auto, (max-width: 471px) 100vw, 471px\" \/><\/figure>\n\n\n\n<p><strong>Exerc\u00edcio<\/strong><\/p>\n\n\n\n<figure class=\"wp-block-image size-large\"><img loading=\"lazy\" decoding=\"async\" width=\"471\" height=\"1024\" src=\"https:\/\/training.3d2cut.com\/wp-content\/uploads\/2025\/09\/IMG_2161-471x1024.jpg\" alt=\"\" class=\"wp-image-1756\" srcset=\"https:\/\/training.3d2cut.com\/wp-content\/uploads\/2025\/09\/IMG_2161-471x1024.jpg 471w, https:\/\/training.3d2cut.com\/wp-content\/uploads\/2025\/09\/IMG_2161-138x300.jpg 138w, https:\/\/training.3d2cut.com\/wp-content\/uploads\/2025\/09\/IMG_2161-768x1670.jpg 768w, https:\/\/training.3d2cut.com\/wp-content\/uploads\/2025\/09\/IMG_2161-706x1536.jpg 706w, https:\/\/training.3d2cut.com\/wp-content\/uploads\/2025\/09\/IMG_2161-942x2048.jpg 942w, https:\/\/training.3d2cut.com\/wp-content\/uploads\/2025\/09\/IMG_2161-6x12.jpg 6w, https:\/\/training.3d2cut.com\/wp-content\/uploads\/2025\/09\/IMG_2161-500x1087.jpg 500w, https:\/\/training.3d2cut.com\/wp-content\/uploads\/2025\/09\/IMG_2161-800x1739.jpg 800w, https:\/\/training.3d2cut.com\/wp-content\/uploads\/2025\/09\/IMG_2161-scaled.jpg 1177w\" sizes=\"auto, (max-width: 471px) 100vw, 471px\" \/><\/figure>\n\n\n\n<h3 class=\"wp-block-heading\"><strong>5. Acompanhamento dos progressos<\/strong><\/h3>\n\n\n\n<p>O seu desempenho \u00e9 medido atrav\u00e9s de:<\/p>\n\n\n\n<ul class=\"wp-block-list\">\n<li><strong>Pontos de experi\u00eancia<\/strong><\/li>\n\n\n\n<li><strong>N\u00edvel de conhecimento<\/strong> (li\u00e7\u00f5es conclu\u00eddas)<\/li>\n\n\n\n<li><strong>Precis\u00e3o %<\/strong> (respostas corretas)<\/li>\n<\/ul>\n\n\n\n<p><strong>Registo de actividades<\/strong><\/p>\n\n\n\n<figure class=\"wp-block-image size-large\"><img loading=\"lazy\" decoding=\"async\" width=\"471\" height=\"1024\" src=\"https:\/\/training.3d2cut.com\/wp-content\/uploads\/2025\/08\/IMG_2929-471x1024.png\" alt=\"\" class=\"wp-image-703\" srcset=\"https:\/\/training.3d2cut.com\/wp-content\/uploads\/2025\/08\/IMG_2929-471x1024.png 471w, https:\/\/training.3d2cut.com\/wp-content\/uploads\/2025\/08\/IMG_2929-138x300.png 138w, https:\/\/training.3d2cut.com\/wp-content\/uploads\/2025\/08\/IMG_2929-768x1670.png 768w, https:\/\/training.3d2cut.com\/wp-content\/uploads\/2025\/08\/IMG_2929-706x1536.png 706w, https:\/\/training.3d2cut.com\/wp-content\/uploads\/2025\/08\/IMG_2929-942x2048.png 942w, https:\/\/training.3d2cut.com\/wp-content\/uploads\/2025\/08\/IMG_2929-500x1087.png 500w, https:\/\/training.3d2cut.com\/wp-content\/uploads\/2025\/08\/IMG_2929-800x1739.png 800w, https:\/\/training.3d2cut.com\/wp-content\/uploads\/2025\/08\/IMG_2929-scaled.png 1177w\" sizes=\"auto, (max-width: 471px) 100vw, 471px\" \/><\/figure>\n\n\n\n<h3 class=\"wp-block-heading\"><strong>6. Gest\u00e3o de contas<\/strong><\/h3>\n\n\n\n<p>Ir para <strong>Perfil \u2192 Defini\u00e7\u00f5es de conta<\/strong> para:<\/p>\n\n\n\n<ul class=\"wp-block-list\">\n<li>Eliminar ou encerrar a sua conta<\/li>\n\n\n\n<li>Alterar a l\u00edngua<\/li>\n<\/ul>\n\n\n\n<p><strong>Ecr\u00e3 de defini\u00e7\u00f5es<\/strong><\/p>\n\n\n\n<figure class=\"wp-block-image size-large\"><img loading=\"lazy\" decoding=\"async\" width=\"471\" height=\"1024\" src=\"https:\/\/training.3d2cut.com\/wp-content\/uploads\/2025\/08\/IMG_2926-471x1024.png\" alt=\"\" class=\"wp-image-704\" srcset=\"https:\/\/training.3d2cut.com\/wp-content\/uploads\/2025\/08\/IMG_2926-471x1024.png 471w, https:\/\/training.3d2cut.com\/wp-content\/uploads\/2025\/08\/IMG_2926-138x300.png 138w, https:\/\/training.3d2cut.com\/wp-content\/uploads\/2025\/08\/IMG_2926-768x1670.png 768w, https:\/\/training.3d2cut.com\/wp-content\/uploads\/2025\/08\/IMG_2926-706x1536.png 706w, https:\/\/training.3d2cut.com\/wp-content\/uploads\/2025\/08\/IMG_2926-942x2048.png 942w, https:\/\/training.3d2cut.com\/wp-content\/uploads\/2025\/08\/IMG_2926-500x1087.png 500w, https:\/\/training.3d2cut.com\/wp-content\/uploads\/2025\/08\/IMG_2926-800x1739.png 800w, https:\/\/training.3d2cut.com\/wp-content\/uploads\/2025\/08\/IMG_2926-scaled.png 1177w\" sizes=\"auto, (max-width: 471px) 100vw, 471px\" \/><\/figure>\n\n\n\n<figure class=\"wp-block-image size-large\"><img loading=\"lazy\" decoding=\"async\" width=\"471\" height=\"1024\" src=\"https:\/\/training.3d2cut.com\/wp-content\/uploads\/2025\/08\/IMG_2930-471x1024.png\" alt=\"\" class=\"wp-image-709\" srcset=\"https:\/\/training.3d2cut.com\/wp-content\/uploads\/2025\/08\/IMG_2930-471x1024.png 471w, https:\/\/training.3d2cut.com\/wp-content\/uploads\/2025\/08\/IMG_2930-138x300.png 138w, https:\/\/training.3d2cut.com\/wp-content\/uploads\/2025\/08\/IMG_2930-768x1670.png 768w, https:\/\/training.3d2cut.com\/wp-content\/uploads\/2025\/08\/IMG_2930-706x1536.png 706w, https:\/\/training.3d2cut.com\/wp-content\/uploads\/2025\/08\/IMG_2930-942x2048.png 942w, https:\/\/training.3d2cut.com\/wp-content\/uploads\/2025\/08\/IMG_2930-500x1087.png 500w, https:\/\/training.3d2cut.com\/wp-content\/uploads\/2025\/08\/IMG_2930-800x1739.png 800w, https:\/\/training.3d2cut.com\/wp-content\/uploads\/2025\/08\/IMG_2930-scaled.png 1177w\" sizes=\"auto, (max-width: 471px) 100vw, 471px\" \/><\/figure>\n\n\n\n<h3 class=\"wp-block-heading\"><strong>7. Notifica\u00e7\u00f5es<\/strong><\/h3>\n\n\n\n<p>Ativar ou desativar as notifica\u00e7\u00f5es push em:<\/p>\n\n\n\n<p><strong>Perfil \u2192 Notifica\u00e7\u00f5es<\/strong><\/p>\n\n\n\n<p><strong>Defini\u00e7\u00f5es de notifica\u00e7\u00e3o<\/strong><\/p>\n\n\n\n<figure class=\"wp-block-image size-large\"><img loading=\"lazy\" decoding=\"async\" width=\"471\" height=\"1024\" src=\"https:\/\/training.3d2cut.com\/wp-content\/uploads\/2025\/08\/IMG_2931-471x1024.png\" alt=\"\" class=\"wp-image-705\" srcset=\"https:\/\/training.3d2cut.com\/wp-content\/uploads\/2025\/08\/IMG_2931-471x1024.png 471w, https:\/\/training.3d2cut.com\/wp-content\/uploads\/2025\/08\/IMG_2931-138x300.png 138w, https:\/\/training.3d2cut.com\/wp-content\/uploads\/2025\/08\/IMG_2931-768x1670.png 768w, https:\/\/training.3d2cut.com\/wp-content\/uploads\/2025\/08\/IMG_2931-706x1536.png 706w, https:\/\/training.3d2cut.com\/wp-content\/uploads\/2025\/08\/IMG_2931-942x2048.png 942w, https:\/\/training.3d2cut.com\/wp-content\/uploads\/2025\/08\/IMG_2931-500x1087.png 500w, https:\/\/training.3d2cut.com\/wp-content\/uploads\/2025\/08\/IMG_2931-800x1739.png 800w, https:\/\/training.3d2cut.com\/wp-content\/uploads\/2025\/08\/IMG_2931-scaled.png 1177w\" sizes=\"auto, (max-width: 471px) 100vw, 471px\" \/><\/figure>\n\n\n\n<h3 class=\"wp-block-heading\"><strong>8. Apoio<\/strong><\/h3>\n\n\n\n<p>Precisa de ajuda? Ir para:<\/p>\n\n\n\n<p><strong>Perfil \u2192 Ajuda e assist\u00eancia<\/strong><\/p>\n\n\n\n<p>A\u00ed est\u00e1:<\/p>\n\n\n\n<ul class=\"wp-block-list\">\n<li>Ver FAQs<\/li>\n\n\n\n<li>Aceder ao Manual do Utilizador<\/li>\n\n\n\n<li>Contacto por telefone ou e-mail<\/li>\n<\/ul>\n\n\n\n<p><strong>Ecr\u00e3 de ajuda e suporte<\/strong><\/p>\n\n\n\n<figure class=\"wp-block-image size-large\"><img loading=\"lazy\" decoding=\"async\" width=\"471\" height=\"1024\" src=\"https:\/\/training.3d2cut.com\/wp-content\/uploads\/2025\/09\/IMG_2163-471x1024.jpg\" alt=\"\" class=\"wp-image-1758\" srcset=\"https:\/\/training.3d2cut.com\/wp-content\/uploads\/2025\/09\/IMG_2163-471x1024.jpg 471w, https:\/\/training.3d2cut.com\/wp-content\/uploads\/2025\/09\/IMG_2163-138x300.jpg 138w, https:\/\/training.3d2cut.com\/wp-content\/uploads\/2025\/09\/IMG_2163-768x1670.jpg 768w, https:\/\/training.3d2cut.com\/wp-content\/uploads\/2025\/09\/IMG_2163-706x1536.jpg 706w, https:\/\/training.3d2cut.com\/wp-content\/uploads\/2025\/09\/IMG_2163-942x2048.jpg 942w, https:\/\/training.3d2cut.com\/wp-content\/uploads\/2025\/09\/IMG_2163-6x12.jpg 6w, https:\/\/training.3d2cut.com\/wp-content\/uploads\/2025\/09\/IMG_2163-500x1087.jpg 500w, https:\/\/training.3d2cut.com\/wp-content\/uploads\/2025\/09\/IMG_2163-800x1739.jpg 800w, https:\/\/training.3d2cut.com\/wp-content\/uploads\/2025\/09\/IMG_2163-scaled.jpg 1177w\" sizes=\"auto, (max-width: 471px) 100vw, 471px\" \/><\/figure>\n\n\n\n<h3 class=\"wp-block-heading\"><strong>9. Terminar sess\u00e3o<\/strong><\/h3>\n\n\n\n<p>Para terminar a sess\u00e3o:<br>Ir para <strong>Perfil \u2192 Terminar sess\u00e3o<\/strong> na parte inferior do menu.<\/p>\n\n\n\n<figure class=\"wp-block-image size-large\"><img loading=\"lazy\" decoding=\"async\" width=\"471\" height=\"1024\" src=\"https:\/\/training.3d2cut.com\/wp-content\/uploads\/2025\/08\/IMG_2926-1-471x1024.png\" alt=\"\" class=\"wp-image-707\" srcset=\"https:\/\/training.3d2cut.com\/wp-content\/uploads\/2025\/08\/IMG_2926-1-471x1024.png 471w, https:\/\/training.3d2cut.com\/wp-content\/uploads\/2025\/08\/IMG_2926-1-138x300.png 138w, https:\/\/training.3d2cut.com\/wp-content\/uploads\/2025\/08\/IMG_2926-1-768x1670.png 768w, https:\/\/training.3d2cut.com\/wp-content\/uploads\/2025\/08\/IMG_2926-1-706x1536.png 706w, https:\/\/training.3d2cut.com\/wp-content\/uploads\/2025\/08\/IMG_2926-1-942x2048.png 942w, https:\/\/training.3d2cut.com\/wp-content\/uploads\/2025\/08\/IMG_2926-1-500x1087.png 500w, https:\/\/training.3d2cut.com\/wp-content\/uploads\/2025\/08\/IMG_2926-1-800x1739.png 800w, https:\/\/training.3d2cut.com\/wp-content\/uploads\/2025\/08\/IMG_2926-1-scaled.png 1177w\" sizes=\"auto, (max-width: 471px) 100vw, 471px\" \/><\/figure>\n\n\n\n<div style=\"height:100px\" aria-hidden=\"true\" class=\"wp-block-spacer\"><\/div>","protected":false},"excerpt":{"rendered":"<p>1. Introduction Pruning Practice is an AI-powered mobile application that helps users learn and master vine pruning techniques through structured training, interactive exercises, and progress tracking. 2. Getting Started &nbsp;Login Screen 3. Navigating the App Dashboard View Course Overview 4. Courses and Exercises Each course includes lessons with quizzes and visual exercises: Question Example Exercise [&hellip;]<\/p>\n","protected":false},"author":87,"featured_media":0,"parent":0,"menu_order":0,"comment_status":"closed","ping_status":"closed","template":"","meta":{"content-type":"","footnotes":""},"class_list":["post-520","page","type-page","status-publish","hentry"],"_links":{"self":[{"href":"https:\/\/training.3d2cut.com\/pt\/wp-json\/wp\/v2\/pages\/520","targetHints":{"allow":["GET"]}}],"collection":[{"href":"https:\/\/training.3d2cut.com\/pt\/wp-json\/wp\/v2\/pages"}],"about":[{"href":"https:\/\/training.3d2cut.com\/pt\/wp-json\/wp\/v2\/types\/page"}],"author":[{"embeddable":true,"href":"https:\/\/training.3d2cut.com\/pt\/wp-json\/wp\/v2\/users\/87"}],"replies":[{"embeddable":true,"href":"https:\/\/training.3d2cut.com\/pt\/wp-json\/wp\/v2\/comments?post=520"}],"version-history":[{"count":15,"href":"https:\/\/training.3d2cut.com\/pt\/wp-json\/wp\/v2\/pages\/520\/revisions"}],"predecessor-version":[{"id":1874,"href":"https:\/\/training.3d2cut.com\/pt\/wp-json\/wp\/v2\/pages\/520\/revisions\/1874"}],"wp:attachment":[{"href":"https:\/\/training.3d2cut.com\/pt\/wp-json\/wp\/v2\/media?parent=520"}],"curies":[{"name":"wp","href":"https:\/\/api.w.org\/{rel}","templated":true}]}}