{"id":505,"date":"2025-07-01T08:49:13","date_gmt":"2025-07-01T08:49:13","guid":{"rendered":"https:\/\/training.3d2cut.com\/?page_id=505"},"modified":"2025-10-02T08:39:18","modified_gmt":"2025-10-02T08:39:18","slug":"faq","status":"publish","type":"page","link":"https:\/\/training.3d2cut.com\/pt\/faq\/","title":{"rendered":"Aplica\u00e7\u00e3o de pr\u00e1ticas de poda - FAQ"},"content":{"rendered":"<style>\n.wp-block-post-content{padding: 0px 16px 0px 0px !important;}\n.wp-block-group{margin-top: 0px!important;}\n.wp-block-post-title{display:none!important}\n.FAQ_Title{padding:0px 40px!important;}\n<\/style>\n\n\n\n<h1 class=\"wp-block-heading FAQ_Title\">FAQ<\/h1>\n\n\n\n<ol style=\"margin-top:0;margin-bottom:0\" class=\"wp-block-list\">\n<li style=\"margin-top:10px;margin-bottom:10px\"><strong>O que \u00e9 a pr\u00e1tica da poda?<\/strong><br>Pruning Practice \u00e9 uma aplica\u00e7\u00e3o baseada em IA para aprender e praticar a poda da vinha. A aplica\u00e7\u00e3o<br>inclui li\u00e7\u00f5es guiadas, exerc\u00edcios e acompanhamento do progresso.<\/li>\n\n\n\n<li style=\"margin-top:10px;margin-bottom:10px\"><strong>Como \u00e9 que me inscrevo ou inicio sess\u00e3o?<\/strong><br>Pode iniciar sess\u00e3o ou criar uma conta utilizando a Apple ou o Google. O endere\u00e7o de correio eletr\u00f3nico deve corresponder ao<br>utilizado no s\u00edtio Web da forma\u00e7\u00e3o.<\/li>\n\n\n\n<li style=\"margin-top:10px;margin-bottom:10px\"><strong>Que tipo de forma\u00e7\u00e3o \u00e9 oferecida?<\/strong><br>A aplica\u00e7\u00e3o fornece li\u00e7\u00f5es de poda estruturadas, como Guyot Simple - Gentle Pruning. Cada<br>A li\u00e7\u00e3o inclui v\u00eddeos, perguntas e exerc\u00edcios interactivos.<\/li>\n\n\n\n<li style=\"margin-top:10px;margin-bottom:10px\"><strong>Como \u00e9 que o meu progresso \u00e9 monitorizado?<\/strong><br>O painel de controlo \u00e9 apresentado:<br>\u25cf N\u00edvel de experi\u00eancia<br>Pontua\u00e7\u00e3o de conhecimento (por exemplo, 4\/14 li\u00e7\u00f5es)<br>Percentagem de precis\u00e3o (exatid\u00e3o das respostas)<\/li>\n\n\n\n<li style=\"margin-top:10px;margin-bottom:10px\"><strong>O que s\u00e3o \"Exerc\u00edcios\"?<\/strong><br>Os exerc\u00edcios s\u00e3o question\u00e1rios ou tarefas interactivas (por exemplo, selecionar bot\u00f5es dormentes numa videira). Concluir<br>aumenta a sua pontua\u00e7\u00e3o de conhecimento e precis\u00e3o.<\/li>\n\n\n\n<li style=\"margin-top:10px;margin-bottom:10px\"><strong>Posso rever o meu historial de forma\u00e7\u00e3o?<\/strong><br>Sim. <strong>O registo de actividades<\/strong> mostra as tentativas de li\u00e7\u00e3o, as respostas corretas e as estat\u00edsticas de progresso actualizadas.<\/li>\n\n\n\n<li style=\"margin-top:10px;margin-bottom:10px\"><strong>Como posso alterar as defini\u00e7\u00f5es da aplica\u00e7\u00e3o?<\/strong><br>Ir para <strong>Perfil \u2192 Defini\u00e7\u00f5es de conta<\/strong> para:<br>Alterar o idioma<br>Eliminar ou fechar a sua conta<\/li>\n\n\n\n<li style=\"margin-top:10px;margin-bottom:10px\"><strong>Como \u00e9 que posso gerir as notifica\u00e7\u00f5es?<\/strong><br>Em <strong>Perfil \u2192 Notifica\u00e7\u00f5es<\/strong>pode ativar ou desativar as notifica\u00e7\u00f5es push.<\/li>\n\n\n\n<li style=\"margin-top:10px;margin-bottom:10px\"><strong>Como posso contactar o servi\u00e7o de apoio?<\/strong><br>\u25cf Telefone: <a href=\"tel:0041275521341\">+41 27 552 13 41<\/a><br>\u25cf Email: <a href=\"mailto:support@3d2cut.com\">support@3d2cut.com<\/a><br>Tamb\u00e9m pode verificar o <strong>FAQ <\/strong>e <strong>Manuais do utilizador<\/strong> no <strong>Sec\u00e7\u00e3o Ajuda e assist\u00eancia<\/strong>.<\/li>\n\n\n\n<li style=\"margin-top:10px;margin-bottom:10px\"><strong>Posso terminar a sess\u00e3o?<\/strong><br>Sim. Ir para <strong>Perfil \u2192 Terminar sess\u00e3o.<\/strong><\/li>\n<\/ol>\n\n\n\n<div style=\"height:100px\" aria-hidden=\"true\" class=\"wp-block-spacer\"><\/div>","protected":false},"excerpt":{"rendered":"<p>FAQ<\/p>","protected":false},"author":87,"featured_media":0,"parent":0,"menu_order":0,"comment_status":"closed","ping_status":"closed","template":"","meta":{"content-type":"","footnotes":""},"class_list":["post-505","page","type-page","status-publish","hentry"],"_links":{"self":[{"href":"https:\/\/training.3d2cut.com\/pt\/wp-json\/wp\/v2\/pages\/505","targetHints":{"allow":["GET"]}}],"collection":[{"href":"https:\/\/training.3d2cut.com\/pt\/wp-json\/wp\/v2\/pages"}],"about":[{"href":"https:\/\/training.3d2cut.com\/pt\/wp-json\/wp\/v2\/types\/page"}],"author":[{"embeddable":true,"href":"https:\/\/training.3d2cut.com\/pt\/wp-json\/wp\/v2\/users\/87"}],"replies":[{"embeddable":true,"href":"https:\/\/training.3d2cut.com\/pt\/wp-json\/wp\/v2\/comments?post=505"}],"version-history":[{"count":12,"href":"https:\/\/training.3d2cut.com\/pt\/wp-json\/wp\/v2\/pages\/505\/revisions"}],"predecessor-version":[{"id":1873,"href":"https:\/\/training.3d2cut.com\/pt\/wp-json\/wp\/v2\/pages\/505\/revisions\/1873"}],"wp:attachment":[{"href":"https:\/\/training.3d2cut.com\/pt\/wp-json\/wp\/v2\/media?parent=505"}],"curies":[{"name":"wp","href":"https:\/\/api.w.org\/{rel}","templated":true}]}}