{"id":1383,"date":"2025-09-11T20:28:47","date_gmt":"2025-09-11T20:28:47","guid":{"rendered":"https:\/\/training.3d2cut.com\/?page_id=1383"},"modified":"2025-10-02T08:28:43","modified_gmt":"2025-10-02T08:28:43","slug":"course-instructions","status":"publish","type":"page","link":"https:\/\/training.3d2cut.com\/pt\/course-instructions\/","title":{"rendered":"Instru\u00e7\u00f5es do curso"},"content":{"rendered":"<h2 class=\"wp-block-heading\">Digital Vine Pruning Training - Como funciona<\/h2>\n\n\n\n<p>Breve introdu\u00e7\u00e3o (5 etapas)<\/p>\n\n\n\n<ol class=\"wp-block-list\">\n<li>Iniciar sess\u00e3o em <strong>forma\u00e7\u00e3o.3d2cut.com<\/strong> com <strong>Apple<\/strong> ou <strong>Google<\/strong>.<\/li>\n\n\n\n<li>Comprar \/ aceitar lugares para o seu curso.<\/li>\n\n\n\n<li>Instalar o <a href=\"https:\/\/apps.apple.com\/us\/app\/pruning-practice\/id6746447032?platform=iphone\"><strong>Aplica\u00e7\u00e3o de pr\u00e1tica de poda<\/strong><\/a> para iOS. <strong style=\"color:red;\">(Aplica\u00e7\u00e3o para Android em breve)<\/strong><\/li>\n\n\n\n<li>Ver cada li\u00e7\u00e3o no s\u00edtio Web e clicar em <strong>Marca completa<\/strong>.<\/li>\n\n\n\n<li>Os respectivos exerc\u00edcios s\u00e3o desbloqueados por cada li\u00e7\u00e3o no <strong>Aplica\u00e7\u00e3o de pr\u00e1tica de poda<\/strong>.<\/li>\n<\/ol>\n\n\n\n<h2 class=\"wp-block-heading\">O que \u00e9 necess\u00e1rio<\/h2>\n\n\n\n<ul class=\"wp-block-list\">\n<li>iPhone ou iPad para utilizar o <strong>Pr\u00e1tica de poda<\/strong> (iOS 16.0 ou posterior).<\/li>\n\n\n\n<li>O <strong>mesma conta Apple ou Google<\/strong> tanto no s\u00edtio Web como na aplica\u00e7\u00e3o, para que o seu progresso se mantenha sincronizado.<\/li>\n\n\n\n<li>Uma liga\u00e7\u00e3o est\u00e1vel \u00e0 Internet para aulas em v\u00eddeo e sincroniza\u00e7\u00e3o de exerc\u00edcios.<\/li>\n<\/ul>\n\n\n\n<h2 class=\"wp-block-heading\">Se \u00e9 gestor de uma vinha (compra de lugares e convida a sua equipa)<\/h2>\n\n\n\n<ol class=\"wp-block-list\">\n<li><strong>Iniciar sess\u00e3o<\/strong> em <strong>forma\u00e7\u00e3o.3d2cut.com<\/strong> utilizando um <strong>Apple<\/strong> ou <strong>Google<\/strong> conta.<\/li>\n\n\n\n<li>Abra a disciplina que pretende (por exemplo, <em>Guyot Simples<\/em>) e <strong>escolher o n\u00famero de lugares<\/strong> precisa. (Pode comprar mais lugares depois)<\/li>\n\n\n\n<li><strong>Finalizar a compra<\/strong> para comprar lugares. Receber\u00e1 um e-mail de confirma\u00e7\u00e3o com os passos seguintes.<\/li>\n\n\n\n<li>Ir para <strong><a href=\"https:\/\/training.3d2cut.com\/pt\/dashboard\/my-groups\/\">Os meus grupos<\/a><\/strong> (liga\u00e7\u00e3o no menu da sua conta), selecionar um grupo e clicar em \"<strong>Gerir<\/strong>\" para <strong>convidar os alunos por correio eletr\u00f3nico<\/strong> ou <strong>Liga\u00e7\u00e3o de convite<\/strong> e atribuir lugares.<br><img loading=\"lazy\" decoding=\"async\" width=\"355\" height=\"256\" class=\"wp-image-1364\" style=\"width: auto;\" src=\"https:\/\/training.3d2cut.com\/wp-content\/uploads\/2025\/09\/Manage-groups.png\" alt=\"\" srcset=\"https:\/\/training.3d2cut.com\/wp-content\/uploads\/2025\/09\/Manage-groups.png 355w, https:\/\/training.3d2cut.com\/wp-content\/uploads\/2025\/09\/Manage-groups-300x216.png 300w, https:\/\/training.3d2cut.com\/wp-content\/uploads\/2025\/09\/Manage-groups-18x12.png 18w\" sizes=\"auto, (max-width: 355px) 100vw, 355px\" \/><img loading=\"lazy\" decoding=\"async\" width=\"400\" height=\"427\" class=\"wp-image-1370\" style=\"width: 400px;\" src=\"https:\/\/training.3d2cut.com\/wp-content\/uploads\/2025\/09\/Invite-members.png\" alt=\"\" srcset=\"https:\/\/training.3d2cut.com\/wp-content\/uploads\/2025\/09\/Invite-members.png 610w, https:\/\/training.3d2cut.com\/wp-content\/uploads\/2025\/09\/Invite-members-281x300.png 281w, https:\/\/training.3d2cut.com\/wp-content\/uploads\/2025\/09\/Invite-members-11x12.png 11w, https:\/\/training.3d2cut.com\/wp-content\/uploads\/2025\/09\/Invite-members-500x534.png 500w\" sizes=\"auto, (max-width: 400px) 100vw, 400px\" \/><\/li>\n\n\n\n<li>Os seus alunos recebem uma mensagem de correio eletr\u00f3nico com:\n<ul class=\"wp-block-list\">\n<li>uma liga\u00e7\u00e3o para <strong>iniciar sess\u00e3o no s\u00edtio Web<\/strong><\/li>\n\n\n\n<li>uma liga\u00e7\u00e3o para <strong>instalar a aplica\u00e7\u00e3o iOS<\/strong><\/li>\n\n\n\n<li>breves instru\u00e7\u00f5es que explicam o <strong>web \u2194 app<\/strong> fluxo de trabalho.<\/li>\n<\/ul>\n<\/li>\n\n\n\n<li><strong>Acompanhar os progressos<\/strong> a qualquer momento a partir de <strong>Os meus grupos \/ Relat\u00f3rios<\/strong>: ver quem aceitou lugares, conclus\u00e3o de aulas e atividade de exerc\u00edcio.<br><\/li>\n\n\n\n<li>Para comprar mais lugares mais tarde, v\u00e1 a <strong><a href=\"https:\/\/training.3d2cut.com\/pt\/dashboard\/my-groups\/\">Os meus grupos<\/a><\/strong> (liga\u00e7\u00e3o no menu da sua conta) e clique em \"<strong>Comprar lugares adicionais<\/strong>&#8220;.<br><img decoding=\"async\" class=\"wp-image-1370\" style=\"width: auto;\" src=\"https:\/\/training.3d2cut.com\/wp-content\/uploads\/2025\/10\/Screenshot-2025-10-02-093952.png\" alt=\"\"><img decoding=\"async\" class=\"wp-image-1370\" style=\"width: 400px;\" src=\"https:\/\/training.3d2cut.com\/wp-content\/uploads\/2025\/10\/Screenshot-2025-10-02-094134.png\" alt=\"\"><br><\/li>\n<\/ol>\n\n\n\n<p><strong>Sugest\u00e3o:<\/strong> Incentive a sua equipa a utilizar o <strong>mesma conta Apple\/Google<\/strong> em ambos os <strong>s\u00edtio web training.3d2cut.com<\/strong> e o <strong>Pr\u00e1tica de poda<\/strong> <strong>Aplica\u00e7\u00e3o<\/strong>. A mistura de contas (por exemplo, Google do trabalho na Web e Apple pessoal na aplica\u00e7\u00e3o) impedir\u00e1 a sincroniza\u00e7\u00e3o.<\/p>\n\n\n\n<h2 class=\"wp-block-heading\">Se \u00e9 um aprendiz \/ podador<\/h2>\n\n\n\n<ol class=\"wp-block-list\">\n<li><strong>Abrir o convite por correio eletr\u00f3nico<\/strong> ou o <strong>liga\u00e7\u00e3o de convite<\/strong> e <strong>Iniciar sess\u00e3o<\/strong> com a Apple ou a Google.\n<ol class=\"wp-block-list\">\n<li>Se o e-mail que forneceu n\u00e3o estiver associado a uma conta Apple ou Google, pode criar uma <a href=\"https:\/\/accounts.google.com\/signup?utm_source=help\" target=\"_blank\" rel=\"noreferrer noopener\"><strong>seguindo esta liga\u00e7\u00e3o<\/strong><\/a>.<\/li>\n\n\n\n<li>Introduza o seu nome e apelido &gt; Introduza a sua data de nascimento e o seu sexo &gt; Escolha \"<strong>Utilizar o correio eletr\u00f3nico existente<\/strong>\" &gt; Introduza o c\u00f3digo recebido na sua caixa de correio eletr\u00f3nico.<\/li>\n\n\n\n<li>Assim que este e-mail for criado como um e-mail do Google, pode iniciar sess\u00e3o a partir da liga\u00e7\u00e3o de convite.<\/li>\n<\/ol>\n<\/li>\n\n\n\n<li><a href=\"https:\/\/apps.apple.com\/us\/app\/pruning-practice\/id6746447032\"><strong>Instalar a aplica\u00e7\u00e3o Pruning Practice iOS<\/strong><\/a> (liga\u00e7\u00e3o no seu correio eletr\u00f3nico ou no curso) e <strong>iniciar sess\u00e3o com a mesma conta Apple\/Google<\/strong> utilizados no s\u00edtio Web.<\/li>\n\n\n\n<li>Selecionar o curso e <strong>obter started w<\/strong><strong>aulas em v\u00eddeo de inicia\u00e7\u00e3o<\/strong>. Quando terminar, clique em <strong>Marca completa<\/strong> no final de cada li\u00e7\u00e3o.<\/li>\n\n\n\n<li>Na aplica\u00e7\u00e3o, completar o <strong>exerc\u00edcios desbloqueados por essa li\u00e7\u00e3o<\/strong>\n<ul class=\"wp-block-list\">\n<li><strong>Testes<\/strong><\/li>\n\n\n\n<li><strong>Tarefas de imagem<\/strong> (por exemplo, identificar bot\u00f5es dormentes)<\/li>\n\n\n\n<li><strong>Exerc\u00edcios de poda interactivos<\/strong><\/li>\n<\/ul>\n<\/li>\n\n\n\n<li><strong>Repetir<\/strong>: v\u00eddeo web \u2192 marca completa \u2192 exerc\u00edcios da aplica\u00e7\u00e3o.\n<ul class=\"wp-block-list\">\n<li>Prefere ver todos os v\u00eddeos primeiro? \u00c9 poss\u00edvel <strong>marcar todas as li\u00e7\u00f5es como completas<\/strong> no s\u00edtio Web e, em seguida, fazer <strong>todos os exerc\u00edcios no final<\/strong> na aplica\u00e7\u00e3o.<\/li>\n<\/ul>\n<\/li>\n\n\n\n<li>Acompanhe o seu pr\u00f3prio progresso na aplica\u00e7\u00e3o: <strong>Pontos de experi\u00eancia<\/strong>, <strong>N\u00edvel de conhecimento<\/strong> (li\u00e7\u00f5es conclu\u00eddas), <strong>Precis\u00e3o %<\/strong> (respostas corretas), e <strong>Registo de actividades<\/strong>.<\/li>\n<\/ol>\n\n\n\n<h2 class=\"wp-block-heading\">Web \u2194 App: como funciona o desbloqueio e a sincroniza\u00e7\u00e3o<\/h2>\n\n\n\n<ul class=\"wp-block-list\">\n<li>Cada <strong>exerc\u00edcios da li\u00e7\u00e3o<\/strong> desbloquear <strong>s\u00f3 depois de<\/strong> tu <strong>Marca completa<\/strong> no s\u00edtio Web.<\/li>\n\n\n\n<li>Ap\u00f3s a conclus\u00e3o da marca\u00e7\u00e3o, <strong>abrir a aplica\u00e7\u00e3o<\/strong> \u2192 aparecem os novos exerc\u00edcios. Se n\u00e3o os vir:\n<ul class=\"wp-block-list\">\n<li>verificar se tem sess\u00e3o iniciada com o <strong>mesma conta Apple\/Google<\/strong> na web e na aplica\u00e7\u00e3o<\/li>\n\n\n\n<li><strong>puxar para atualizar<\/strong> o painel de controlo da aplica\u00e7\u00e3o<\/li>\n\n\n\n<li>fechar e voltar a abrir a aplica\u00e7\u00e3o ap\u00f3s alguns segundos<\/li>\n<\/ul>\n<\/li>\n\n\n\n<li>Pode fazer exerc\u00edcios <strong>li\u00e7\u00e3o por li\u00e7\u00e3o<\/strong> ou <strong>de uma s\u00f3 vez<\/strong> depois de ter assinalado todas as li\u00e7\u00f5es completas.<\/li>\n<\/ul>\n\n\n\n<h2 class=\"wp-block-heading\">Navega\u00e7\u00e3o na aplica\u00e7\u00e3o<\/h2>\n\n\n\n<p>Precisa de uma visita guiada \u00e0 aplica\u00e7\u00e3o? Leia a <a href=\"https:\/\/training.3d2cut.com\/pt\/user-manuals\/\" data-type=\"page\" data-id=\"520\">Manual do utilizador<\/a><\/p>\n\n\n\n<div style=\"height:100px\" aria-hidden=\"true\" class=\"wp-block-spacer\"><\/div>","protected":false},"excerpt":{"rendered":"<p>Digital Vine Pruning Training \u2014 How it works Brief Introduction (5 steps) What you need If you\u2019re a Vineyard Manager (buying seats &amp; inviting your team) Tip: Encourage your team to use the same Apple\/Google account on both the training.3d2cut.com website and the Pruning Practice App. Mixing accounts (e.g., work Google on the web, personal [&hellip;]<\/p>\n","protected":false},"author":87,"featured_media":0,"parent":0,"menu_order":0,"comment_status":"closed","ping_status":"closed","template":"","meta":{"content-type":"","footnotes":""},"class_list":["post-1383","page","type-page","status-publish","hentry"],"_links":{"self":[{"href":"https:\/\/training.3d2cut.com\/pt\/wp-json\/wp\/v2\/pages\/1383","targetHints":{"allow":["GET"]}}],"collection":[{"href":"https:\/\/training.3d2cut.com\/pt\/wp-json\/wp\/v2\/pages"}],"about":[{"href":"https:\/\/training.3d2cut.com\/pt\/wp-json\/wp\/v2\/types\/page"}],"author":[{"embeddable":true,"href":"https:\/\/training.3d2cut.com\/pt\/wp-json\/wp\/v2\/users\/87"}],"replies":[{"embeddable":true,"href":"https:\/\/training.3d2cut.com\/pt\/wp-json\/wp\/v2\/comments?post=1383"}],"version-history":[{"count":25,"href":"https:\/\/training.3d2cut.com\/pt\/wp-json\/wp\/v2\/pages\/1383\/revisions"}],"predecessor-version":[{"id":1872,"href":"https:\/\/training.3d2cut.com\/pt\/wp-json\/wp\/v2\/pages\/1383\/revisions\/1872"}],"wp:attachment":[{"href":"https:\/\/training.3d2cut.com\/pt\/wp-json\/wp\/v2\/media?parent=1383"}],"curies":[{"name":"wp","href":"https:\/\/api.w.org\/{rel}","templated":true}]}}