{"id":520,"date":"2025-07-03T11:48:30","date_gmt":"2025-07-03T11:48:30","guid":{"rendered":"https:\/\/training.3d2cut.com\/?page_id=520"},"modified":"2025-10-02T09:27:30","modified_gmt":"2025-10-02T09:27:30","slug":"user-manuals","status":"publish","type":"page","link":"https:\/\/training.3d2cut.com\/fr\/user-manuals\/","title":{"rendered":"Pratique de la taille - Manuel de l'utilisateur"},"content":{"rendered":"<h3 class=\"wp-block-heading\"><strong>1. Introduction<\/strong><\/h3>\n\n\n\n<p>Pruning Practice est une application mobile aliment\u00e9e par l'IA qui aide les utilisateurs \u00e0 apprendre et \u00e0 ma\u00eetriser les techniques de taille de la vigne gr\u00e2ce \u00e0 une formation structur\u00e9e, des exercices interactifs et un suivi des progr\u00e8s.<\/p>\n\n\n\n<h3 class=\"wp-block-heading\"><strong>2. Mise en route<\/strong><\/h3>\n\n\n\n<ul class=\"wp-block-list\">\n<li>T\u00e9l\u00e9charger le <a href=\"https:\/\/apps.apple.com\/us\/app\/pruning-practice\/id6746447032?platform=iphone\"><strong>Application pour la pratique de l'\u00e9lagage<\/strong><\/a> de la <strong>App Store<\/strong>. <strong style=\"color:red;\">(Application Android bient\u00f4t disponible)<\/strong><\/li>\n\n\n\n<li>S'identifier avec <strong>Apple<\/strong> ou <strong>Google<\/strong>.<\/li>\n\n\n\n<li>Utilisez la m\u00eame adresse \u00e9lectronique que votre plateforme de formation pour synchroniser les progr\u00e8s.<\/li>\n<\/ul>\n\n\n\n<p>&nbsp;<strong>\u00c9cran de connexion<\/strong><\/p>\n\n\n\n<figure class=\"wp-block-image size-large\"><img loading=\"lazy\" decoding=\"async\" width=\"471\" height=\"1024\" src=\"https:\/\/training.3d2cut.com\/wp-content\/uploads\/2025\/08\/IMG_2918-471x1024.png\" alt=\"\" class=\"wp-image-698\" srcset=\"https:\/\/training.3d2cut.com\/wp-content\/uploads\/2025\/08\/IMG_2918-471x1024.png 471w, https:\/\/training.3d2cut.com\/wp-content\/uploads\/2025\/08\/IMG_2918-138x300.png 138w, https:\/\/training.3d2cut.com\/wp-content\/uploads\/2025\/08\/IMG_2918-768x1670.png 768w, https:\/\/training.3d2cut.com\/wp-content\/uploads\/2025\/08\/IMG_2918-706x1536.png 706w, https:\/\/training.3d2cut.com\/wp-content\/uploads\/2025\/08\/IMG_2918-942x2048.png 942w, https:\/\/training.3d2cut.com\/wp-content\/uploads\/2025\/08\/IMG_2918-500x1087.png 500w, https:\/\/training.3d2cut.com\/wp-content\/uploads\/2025\/08\/IMG_2918-800x1739.png 800w, https:\/\/training.3d2cut.com\/wp-content\/uploads\/2025\/08\/IMG_2918-scaled.png 1177w\" sizes=\"auto, (max-width: 471px) 100vw, 471px\" \/><\/figure>\n\n\n\n<h3 class=\"wp-block-heading\"><strong>3. Navigation dans l'application<\/strong><\/h3>\n\n\n\n<ul class=\"wp-block-list\">\n<li><strong>Tableau de bord<\/strong>: Voir les cours en cours, les statistiques et l'acc\u00e8s rapide aux exercices.<\/li>\n\n\n\n<li><strong>Profil<\/strong>: G\u00e9rez votre compte, v\u00e9rifiez les notifications et obtenez de l'aide.<\/li>\n<\/ul>\n\n\n\n<p><strong>Vue du tableau de bord<\/strong><\/p>\n\n\n\n<figure class=\"wp-block-image size-large\"><img loading=\"lazy\" decoding=\"async\" width=\"471\" height=\"1024\" src=\"https:\/\/training.3d2cut.com\/wp-content\/uploads\/2025\/08\/IMG_2924-471x1024.png\" alt=\"\" class=\"wp-image-699\" srcset=\"https:\/\/training.3d2cut.com\/wp-content\/uploads\/2025\/08\/IMG_2924-471x1024.png 471w, https:\/\/training.3d2cut.com\/wp-content\/uploads\/2025\/08\/IMG_2924-138x300.png 138w, https:\/\/training.3d2cut.com\/wp-content\/uploads\/2025\/08\/IMG_2924-768x1670.png 768w, https:\/\/training.3d2cut.com\/wp-content\/uploads\/2025\/08\/IMG_2924-706x1536.png 706w, https:\/\/training.3d2cut.com\/wp-content\/uploads\/2025\/08\/IMG_2924-942x2048.png 942w, https:\/\/training.3d2cut.com\/wp-content\/uploads\/2025\/08\/IMG_2924-500x1087.png 500w, https:\/\/training.3d2cut.com\/wp-content\/uploads\/2025\/08\/IMG_2924-800x1739.png 800w, https:\/\/training.3d2cut.com\/wp-content\/uploads\/2025\/08\/IMG_2924-scaled.png 1177w\" sizes=\"auto, (max-width: 471px) 100vw, 471px\" \/><\/figure>\n\n\n\n<p><strong>Aper\u00e7u du cours<\/strong><\/p>\n\n\n\n<figure class=\"wp-block-image size-large\"><img loading=\"lazy\" decoding=\"async\" width=\"471\" height=\"1024\" src=\"https:\/\/training.3d2cut.com\/wp-content\/uploads\/2025\/09\/IMG_2160-471x1024.jpg\" alt=\"\" class=\"wp-image-1754\" srcset=\"https:\/\/training.3d2cut.com\/wp-content\/uploads\/2025\/09\/IMG_2160-471x1024.jpg 471w, https:\/\/training.3d2cut.com\/wp-content\/uploads\/2025\/09\/IMG_2160-138x300.jpg 138w, https:\/\/training.3d2cut.com\/wp-content\/uploads\/2025\/09\/IMG_2160-768x1670.jpg 768w, https:\/\/training.3d2cut.com\/wp-content\/uploads\/2025\/09\/IMG_2160-706x1536.jpg 706w, https:\/\/training.3d2cut.com\/wp-content\/uploads\/2025\/09\/IMG_2160-942x2048.jpg 942w, https:\/\/training.3d2cut.com\/wp-content\/uploads\/2025\/09\/IMG_2160-6x12.jpg 6w, https:\/\/training.3d2cut.com\/wp-content\/uploads\/2025\/09\/IMG_2160-500x1087.jpg 500w, https:\/\/training.3d2cut.com\/wp-content\/uploads\/2025\/09\/IMG_2160-800x1739.jpg 800w, https:\/\/training.3d2cut.com\/wp-content\/uploads\/2025\/09\/IMG_2160-scaled.jpg 1177w\" sizes=\"auto, (max-width: 471px) 100vw, 471px\" \/><\/figure>\n\n\n\n<h3 class=\"wp-block-heading\"><strong>4. Cours et exercices<\/strong><\/h3>\n\n\n\n<p>Chaque cours comprend des le\u00e7ons avec des quiz et des exercices visuels :<\/p>\n\n\n\n<ul class=\"wp-block-list\">\n<li>Questions \u00e0 choix multiples<\/li>\n\n\n\n<li>T\u00e2ches li\u00e9es \u00e0 l'image (par exemple, identification des bourgeons dormants)<\/li>\n<\/ul>\n\n\n\n<p><strong>Exemple de question<\/strong><\/p>\n\n\n\n<figure class=\"wp-block-image size-large\"><img loading=\"lazy\" decoding=\"async\" width=\"471\" height=\"1024\" src=\"https:\/\/training.3d2cut.com\/wp-content\/uploads\/2025\/09\/IMG_2162-471x1024.jpg\" alt=\"\" class=\"wp-image-1755\" srcset=\"https:\/\/training.3d2cut.com\/wp-content\/uploads\/2025\/09\/IMG_2162-471x1024.jpg 471w, https:\/\/training.3d2cut.com\/wp-content\/uploads\/2025\/09\/IMG_2162-138x300.jpg 138w, https:\/\/training.3d2cut.com\/wp-content\/uploads\/2025\/09\/IMG_2162-768x1670.jpg 768w, https:\/\/training.3d2cut.com\/wp-content\/uploads\/2025\/09\/IMG_2162-706x1536.jpg 706w, https:\/\/training.3d2cut.com\/wp-content\/uploads\/2025\/09\/IMG_2162-942x2048.jpg 942w, https:\/\/training.3d2cut.com\/wp-content\/uploads\/2025\/09\/IMG_2162-6x12.jpg 6w, https:\/\/training.3d2cut.com\/wp-content\/uploads\/2025\/09\/IMG_2162-500x1087.jpg 500w, https:\/\/training.3d2cut.com\/wp-content\/uploads\/2025\/09\/IMG_2162-800x1739.jpg 800w, https:\/\/training.3d2cut.com\/wp-content\/uploads\/2025\/09\/IMG_2162-scaled.jpg 1177w\" sizes=\"auto, (max-width: 471px) 100vw, 471px\" \/><\/figure>\n\n\n\n<p><strong>Exercice<\/strong><\/p>\n\n\n\n<figure class=\"wp-block-image size-large\"><img loading=\"lazy\" decoding=\"async\" width=\"471\" height=\"1024\" src=\"https:\/\/training.3d2cut.com\/wp-content\/uploads\/2025\/09\/IMG_2161-471x1024.jpg\" alt=\"\" class=\"wp-image-1756\" srcset=\"https:\/\/training.3d2cut.com\/wp-content\/uploads\/2025\/09\/IMG_2161-471x1024.jpg 471w, https:\/\/training.3d2cut.com\/wp-content\/uploads\/2025\/09\/IMG_2161-138x300.jpg 138w, https:\/\/training.3d2cut.com\/wp-content\/uploads\/2025\/09\/IMG_2161-768x1670.jpg 768w, https:\/\/training.3d2cut.com\/wp-content\/uploads\/2025\/09\/IMG_2161-706x1536.jpg 706w, https:\/\/training.3d2cut.com\/wp-content\/uploads\/2025\/09\/IMG_2161-942x2048.jpg 942w, https:\/\/training.3d2cut.com\/wp-content\/uploads\/2025\/09\/IMG_2161-6x12.jpg 6w, https:\/\/training.3d2cut.com\/wp-content\/uploads\/2025\/09\/IMG_2161-500x1087.jpg 500w, https:\/\/training.3d2cut.com\/wp-content\/uploads\/2025\/09\/IMG_2161-800x1739.jpg 800w, https:\/\/training.3d2cut.com\/wp-content\/uploads\/2025\/09\/IMG_2161-scaled.jpg 1177w\" sizes=\"auto, (max-width: 471px) 100vw, 471px\" \/><\/figure>\n\n\n\n<h3 class=\"wp-block-heading\"><strong>5. Suivi des progr\u00e8s<\/strong><\/h3>\n\n\n\n<p>Votre performance est mesur\u00e9e par :<\/p>\n\n\n\n<ul class=\"wp-block-list\">\n<li><strong>Points d'exp\u00e9rience<\/strong><\/li>\n\n\n\n<li><strong>Niveau de connaissance<\/strong> (le\u00e7ons termin\u00e9es)<\/li>\n\n\n\n<li><strong>Pr\u00e9cision %<\/strong> (r\u00e9ponses correctes)<\/li>\n<\/ul>\n\n\n\n<p><strong>Journal d'activit\u00e9<\/strong><\/p>\n\n\n\n<figure class=\"wp-block-image size-large\"><img loading=\"lazy\" decoding=\"async\" width=\"471\" height=\"1024\" src=\"https:\/\/training.3d2cut.com\/wp-content\/uploads\/2025\/08\/IMG_2929-471x1024.png\" alt=\"\" class=\"wp-image-703\" srcset=\"https:\/\/training.3d2cut.com\/wp-content\/uploads\/2025\/08\/IMG_2929-471x1024.png 471w, https:\/\/training.3d2cut.com\/wp-content\/uploads\/2025\/08\/IMG_2929-138x300.png 138w, https:\/\/training.3d2cut.com\/wp-content\/uploads\/2025\/08\/IMG_2929-768x1670.png 768w, https:\/\/training.3d2cut.com\/wp-content\/uploads\/2025\/08\/IMG_2929-706x1536.png 706w, https:\/\/training.3d2cut.com\/wp-content\/uploads\/2025\/08\/IMG_2929-942x2048.png 942w, https:\/\/training.3d2cut.com\/wp-content\/uploads\/2025\/08\/IMG_2929-500x1087.png 500w, https:\/\/training.3d2cut.com\/wp-content\/uploads\/2025\/08\/IMG_2929-800x1739.png 800w, https:\/\/training.3d2cut.com\/wp-content\/uploads\/2025\/08\/IMG_2929-scaled.png 1177w\" sizes=\"auto, (max-width: 471px) 100vw, 471px\" \/><\/figure>\n\n\n\n<h3 class=\"wp-block-heading\"><strong>6. Gestion des comptes<\/strong><\/h3>\n\n\n\n<p>Aller \u00e0 <strong>Profil \u2192 Param\u00e8tres du compte<\/strong> \u00e0 :<\/p>\n\n\n\n<ul class=\"wp-block-list\">\n<li>Supprimer ou fermer votre compte<\/li>\n\n\n\n<li>Changer de langue<\/li>\n<\/ul>\n\n\n\n<p><strong>\u00c9cran des param\u00e8tres<\/strong><\/p>\n\n\n\n<figure class=\"wp-block-image size-large\"><img loading=\"lazy\" decoding=\"async\" width=\"471\" height=\"1024\" src=\"https:\/\/training.3d2cut.com\/wp-content\/uploads\/2025\/08\/IMG_2926-471x1024.png\" alt=\"\" class=\"wp-image-704\" srcset=\"https:\/\/training.3d2cut.com\/wp-content\/uploads\/2025\/08\/IMG_2926-471x1024.png 471w, https:\/\/training.3d2cut.com\/wp-content\/uploads\/2025\/08\/IMG_2926-138x300.png 138w, https:\/\/training.3d2cut.com\/wp-content\/uploads\/2025\/08\/IMG_2926-768x1670.png 768w, https:\/\/training.3d2cut.com\/wp-content\/uploads\/2025\/08\/IMG_2926-706x1536.png 706w, https:\/\/training.3d2cut.com\/wp-content\/uploads\/2025\/08\/IMG_2926-942x2048.png 942w, https:\/\/training.3d2cut.com\/wp-content\/uploads\/2025\/08\/IMG_2926-500x1087.png 500w, https:\/\/training.3d2cut.com\/wp-content\/uploads\/2025\/08\/IMG_2926-800x1739.png 800w, https:\/\/training.3d2cut.com\/wp-content\/uploads\/2025\/08\/IMG_2926-scaled.png 1177w\" sizes=\"auto, (max-width: 471px) 100vw, 471px\" \/><\/figure>\n\n\n\n<figure class=\"wp-block-image size-large\"><img loading=\"lazy\" decoding=\"async\" width=\"471\" height=\"1024\" src=\"https:\/\/training.3d2cut.com\/wp-content\/uploads\/2025\/08\/IMG_2930-471x1024.png\" alt=\"\" class=\"wp-image-709\" srcset=\"https:\/\/training.3d2cut.com\/wp-content\/uploads\/2025\/08\/IMG_2930-471x1024.png 471w, https:\/\/training.3d2cut.com\/wp-content\/uploads\/2025\/08\/IMG_2930-138x300.png 138w, https:\/\/training.3d2cut.com\/wp-content\/uploads\/2025\/08\/IMG_2930-768x1670.png 768w, https:\/\/training.3d2cut.com\/wp-content\/uploads\/2025\/08\/IMG_2930-706x1536.png 706w, https:\/\/training.3d2cut.com\/wp-content\/uploads\/2025\/08\/IMG_2930-942x2048.png 942w, https:\/\/training.3d2cut.com\/wp-content\/uploads\/2025\/08\/IMG_2930-500x1087.png 500w, https:\/\/training.3d2cut.com\/wp-content\/uploads\/2025\/08\/IMG_2930-800x1739.png 800w, https:\/\/training.3d2cut.com\/wp-content\/uploads\/2025\/08\/IMG_2930-scaled.png 1177w\" sizes=\"auto, (max-width: 471px) 100vw, 471px\" \/><\/figure>\n\n\n\n<h3 class=\"wp-block-heading\"><strong>7. Notifications<\/strong><\/h3>\n\n\n\n<p>Activer ou d\u00e9sactiver les notifications push sous :<\/p>\n\n\n\n<p><strong>Profil \u2192 Notifications<\/strong><\/p>\n\n\n\n<p><strong>Param\u00e8tres de notification<\/strong><\/p>\n\n\n\n<figure class=\"wp-block-image size-large\"><img loading=\"lazy\" decoding=\"async\" width=\"471\" height=\"1024\" src=\"https:\/\/training.3d2cut.com\/wp-content\/uploads\/2025\/08\/IMG_2931-471x1024.png\" alt=\"\" class=\"wp-image-705\" srcset=\"https:\/\/training.3d2cut.com\/wp-content\/uploads\/2025\/08\/IMG_2931-471x1024.png 471w, https:\/\/training.3d2cut.com\/wp-content\/uploads\/2025\/08\/IMG_2931-138x300.png 138w, https:\/\/training.3d2cut.com\/wp-content\/uploads\/2025\/08\/IMG_2931-768x1670.png 768w, https:\/\/training.3d2cut.com\/wp-content\/uploads\/2025\/08\/IMG_2931-706x1536.png 706w, https:\/\/training.3d2cut.com\/wp-content\/uploads\/2025\/08\/IMG_2931-942x2048.png 942w, https:\/\/training.3d2cut.com\/wp-content\/uploads\/2025\/08\/IMG_2931-500x1087.png 500w, https:\/\/training.3d2cut.com\/wp-content\/uploads\/2025\/08\/IMG_2931-800x1739.png 800w, https:\/\/training.3d2cut.com\/wp-content\/uploads\/2025\/08\/IMG_2931-scaled.png 1177w\" sizes=\"auto, (max-width: 471px) 100vw, 471px\" \/><\/figure>\n\n\n\n<h3 class=\"wp-block-heading\"><strong>8. Soutien<\/strong><\/h3>\n\n\n\n<p>Besoin d'aide ? Aller \u00e0 :<\/p>\n\n\n\n<p><strong>Profil \u2192 Aide et support<\/strong><\/p>\n\n\n\n<p>Vous pouvez y acc\u00e9der :<\/p>\n\n\n\n<ul class=\"wp-block-list\">\n<li>Voir les FAQ<\/li>\n\n\n\n<li>Acc\u00e9der au manuel de l'utilisateur<\/li>\n\n\n\n<li>Contact par t\u00e9l\u00e9phone ou par courriel<\/li>\n<\/ul>\n\n\n\n<p><strong>\u00c9cran d'aide et de soutien<\/strong><\/p>\n\n\n\n<figure class=\"wp-block-image size-large\"><img loading=\"lazy\" decoding=\"async\" width=\"471\" height=\"1024\" src=\"https:\/\/training.3d2cut.com\/wp-content\/uploads\/2025\/09\/IMG_2163-471x1024.jpg\" alt=\"\" class=\"wp-image-1758\" srcset=\"https:\/\/training.3d2cut.com\/wp-content\/uploads\/2025\/09\/IMG_2163-471x1024.jpg 471w, https:\/\/training.3d2cut.com\/wp-content\/uploads\/2025\/09\/IMG_2163-138x300.jpg 138w, https:\/\/training.3d2cut.com\/wp-content\/uploads\/2025\/09\/IMG_2163-768x1670.jpg 768w, https:\/\/training.3d2cut.com\/wp-content\/uploads\/2025\/09\/IMG_2163-706x1536.jpg 706w, https:\/\/training.3d2cut.com\/wp-content\/uploads\/2025\/09\/IMG_2163-942x2048.jpg 942w, https:\/\/training.3d2cut.com\/wp-content\/uploads\/2025\/09\/IMG_2163-6x12.jpg 6w, https:\/\/training.3d2cut.com\/wp-content\/uploads\/2025\/09\/IMG_2163-500x1087.jpg 500w, https:\/\/training.3d2cut.com\/wp-content\/uploads\/2025\/09\/IMG_2163-800x1739.jpg 800w, https:\/\/training.3d2cut.com\/wp-content\/uploads\/2025\/09\/IMG_2163-scaled.jpg 1177w\" sizes=\"auto, (max-width: 471px) 100vw, 471px\" \/><\/figure>\n\n\n\n<h3 class=\"wp-block-heading\"><strong>9. D\u00e9connexion<\/strong><\/h3>\n\n\n\n<p>Pour se d\u00e9connecter :<br>Aller \u00e0 <strong>Profil \u2192 D\u00e9connexion<\/strong> au bas du menu.<\/p>\n\n\n\n<figure class=\"wp-block-image size-large\"><img loading=\"lazy\" decoding=\"async\" width=\"471\" height=\"1024\" src=\"https:\/\/training.3d2cut.com\/wp-content\/uploads\/2025\/08\/IMG_2926-1-471x1024.png\" alt=\"\" class=\"wp-image-707\" srcset=\"https:\/\/training.3d2cut.com\/wp-content\/uploads\/2025\/08\/IMG_2926-1-471x1024.png 471w, https:\/\/training.3d2cut.com\/wp-content\/uploads\/2025\/08\/IMG_2926-1-138x300.png 138w, https:\/\/training.3d2cut.com\/wp-content\/uploads\/2025\/08\/IMG_2926-1-768x1670.png 768w, https:\/\/training.3d2cut.com\/wp-content\/uploads\/2025\/08\/IMG_2926-1-706x1536.png 706w, https:\/\/training.3d2cut.com\/wp-content\/uploads\/2025\/08\/IMG_2926-1-942x2048.png 942w, https:\/\/training.3d2cut.com\/wp-content\/uploads\/2025\/08\/IMG_2926-1-500x1087.png 500w, https:\/\/training.3d2cut.com\/wp-content\/uploads\/2025\/08\/IMG_2926-1-800x1739.png 800w, https:\/\/training.3d2cut.com\/wp-content\/uploads\/2025\/08\/IMG_2926-1-scaled.png 1177w\" sizes=\"auto, (max-width: 471px) 100vw, 471px\" \/><\/figure>\n\n\n\n<div style=\"height:100px\" aria-hidden=\"true\" class=\"wp-block-spacer\"><\/div>","protected":false},"excerpt":{"rendered":"<p>1. Introduction Pruning Practice is an AI-powered mobile application that helps users learn and master vine pruning techniques through structured training, interactive exercises, and progress tracking. 2. Getting Started &nbsp;Login Screen 3. Navigating the App Dashboard View Course Overview 4. Courses and Exercises Each course includes lessons with quizzes and visual exercises: Question Example Exercise [&hellip;]<\/p>\n","protected":false},"author":87,"featured_media":0,"parent":0,"menu_order":0,"comment_status":"closed","ping_status":"closed","template":"","meta":{"content-type":"","footnotes":""},"class_list":["post-520","page","type-page","status-publish","hentry"],"_links":{"self":[{"href":"https:\/\/training.3d2cut.com\/fr\/wp-json\/wp\/v2\/pages\/520","targetHints":{"allow":["GET"]}}],"collection":[{"href":"https:\/\/training.3d2cut.com\/fr\/wp-json\/wp\/v2\/pages"}],"about":[{"href":"https:\/\/training.3d2cut.com\/fr\/wp-json\/wp\/v2\/types\/page"}],"author":[{"embeddable":true,"href":"https:\/\/training.3d2cut.com\/fr\/wp-json\/wp\/v2\/users\/87"}],"replies":[{"embeddable":true,"href":"https:\/\/training.3d2cut.com\/fr\/wp-json\/wp\/v2\/comments?post=520"}],"version-history":[{"count":15,"href":"https:\/\/training.3d2cut.com\/fr\/wp-json\/wp\/v2\/pages\/520\/revisions"}],"predecessor-version":[{"id":1874,"href":"https:\/\/training.3d2cut.com\/fr\/wp-json\/wp\/v2\/pages\/520\/revisions\/1874"}],"wp:attachment":[{"href":"https:\/\/training.3d2cut.com\/fr\/wp-json\/wp\/v2\/media?parent=520"}],"curies":[{"name":"wp","href":"https:\/\/api.w.org\/{rel}","templated":true}]}}