{"id":520,"date":"2025-07-03T11:48:30","date_gmt":"2025-07-03T11:48:30","guid":{"rendered":"https:\/\/training.3d2cut.com\/?page_id=520"},"modified":"2025-10-02T09:27:30","modified_gmt":"2025-10-02T09:27:30","slug":"user-manuals","status":"publish","type":"page","link":"https:\/\/training.3d2cut.com\/es\/user-manuals\/","title":{"rendered":"Pr\u00e1cticas de poda - Manual del usuario"},"content":{"rendered":"<h3 class=\"wp-block-heading\"><strong>1. Introducci\u00f3n<\/strong><\/h3>\n\n\n\n<p>Pr\u00e1ctica de poda es una aplicaci\u00f3n m\u00f3vil basada en IA que ayuda a los usuarios a aprender y dominar las t\u00e9cnicas de poda de la vid mediante una formaci\u00f3n estructurada, ejercicios interactivos y seguimiento de los progresos.<\/p>\n\n\n\n<h3 class=\"wp-block-heading\"><strong>2. Primeros pasos<\/strong><\/h3>\n\n\n\n<ul class=\"wp-block-list\">\n<li>Descargar el <a href=\"https:\/\/apps.apple.com\/us\/app\/pruning-practice\/id6746447032?platform=iphone\"><strong>App de pr\u00e1cticas de poda<\/strong><\/a> del <strong>App Store<\/strong>. <strong style=\"color:red;\">(Aplicaci\u00f3n para Android pr\u00f3ximamente)<\/strong><\/li>\n\n\n\n<li>Identif\u00edcate con <strong>Apple<\/strong> o <strong>Google<\/strong>.<\/li>\n\n\n\n<li>Utiliza el mismo correo electr\u00f3nico que tu plataforma de entrenamiento para sincronizar el progreso.<\/li>\n<\/ul>\n\n\n\n<p>&nbsp;<strong>Pantalla de inicio de sesi\u00f3n<\/strong><\/p>\n\n\n\n<figure class=\"wp-block-image size-large\"><img loading=\"lazy\" decoding=\"async\" width=\"471\" height=\"1024\" src=\"https:\/\/training.3d2cut.com\/wp-content\/uploads\/2025\/08\/IMG_2918-471x1024.png\" alt=\"\" class=\"wp-image-698\" srcset=\"https:\/\/training.3d2cut.com\/wp-content\/uploads\/2025\/08\/IMG_2918-471x1024.png 471w, https:\/\/training.3d2cut.com\/wp-content\/uploads\/2025\/08\/IMG_2918-138x300.png 138w, https:\/\/training.3d2cut.com\/wp-content\/uploads\/2025\/08\/IMG_2918-768x1670.png 768w, https:\/\/training.3d2cut.com\/wp-content\/uploads\/2025\/08\/IMG_2918-706x1536.png 706w, https:\/\/training.3d2cut.com\/wp-content\/uploads\/2025\/08\/IMG_2918-942x2048.png 942w, https:\/\/training.3d2cut.com\/wp-content\/uploads\/2025\/08\/IMG_2918-500x1087.png 500w, https:\/\/training.3d2cut.com\/wp-content\/uploads\/2025\/08\/IMG_2918-800x1739.png 800w, https:\/\/training.3d2cut.com\/wp-content\/uploads\/2025\/08\/IMG_2918-scaled.png 1177w\" sizes=\"auto, (max-width: 471px) 100vw, 471px\" \/><\/figure>\n\n\n\n<h3 class=\"wp-block-heading\"><strong>3. Navegaci\u00f3n por la aplicaci\u00f3n<\/strong><\/h3>\n\n\n\n<ul class=\"wp-block-list\">\n<li><strong>Cuadro de mandos<\/strong>: Consulta los cursos actuales, las estad\u00edsticas y accede r\u00e1pidamente a los ejercicios.<\/li>\n\n\n\n<li><strong>Perfil<\/strong>: Gestiona tu cuenta, consulta las notificaciones y obt\u00e9n asistencia.<\/li>\n<\/ul>\n\n\n\n<p><strong>Vista del salpicadero<\/strong><\/p>\n\n\n\n<figure class=\"wp-block-image size-large\"><img loading=\"lazy\" decoding=\"async\" width=\"471\" height=\"1024\" src=\"https:\/\/training.3d2cut.com\/wp-content\/uploads\/2025\/08\/IMG_2924-471x1024.png\" alt=\"\" class=\"wp-image-699\" srcset=\"https:\/\/training.3d2cut.com\/wp-content\/uploads\/2025\/08\/IMG_2924-471x1024.png 471w, https:\/\/training.3d2cut.com\/wp-content\/uploads\/2025\/08\/IMG_2924-138x300.png 138w, https:\/\/training.3d2cut.com\/wp-content\/uploads\/2025\/08\/IMG_2924-768x1670.png 768w, https:\/\/training.3d2cut.com\/wp-content\/uploads\/2025\/08\/IMG_2924-706x1536.png 706w, https:\/\/training.3d2cut.com\/wp-content\/uploads\/2025\/08\/IMG_2924-942x2048.png 942w, https:\/\/training.3d2cut.com\/wp-content\/uploads\/2025\/08\/IMG_2924-500x1087.png 500w, https:\/\/training.3d2cut.com\/wp-content\/uploads\/2025\/08\/IMG_2924-800x1739.png 800w, https:\/\/training.3d2cut.com\/wp-content\/uploads\/2025\/08\/IMG_2924-scaled.png 1177w\" sizes=\"auto, (max-width: 471px) 100vw, 471px\" \/><\/figure>\n\n\n\n<p><strong>Resumen del curso<\/strong><\/p>\n\n\n\n<figure class=\"wp-block-image size-large\"><img loading=\"lazy\" decoding=\"async\" width=\"471\" height=\"1024\" src=\"https:\/\/training.3d2cut.com\/wp-content\/uploads\/2025\/09\/IMG_2160-471x1024.jpg\" alt=\"\" class=\"wp-image-1754\" srcset=\"https:\/\/training.3d2cut.com\/wp-content\/uploads\/2025\/09\/IMG_2160-471x1024.jpg 471w, https:\/\/training.3d2cut.com\/wp-content\/uploads\/2025\/09\/IMG_2160-138x300.jpg 138w, https:\/\/training.3d2cut.com\/wp-content\/uploads\/2025\/09\/IMG_2160-768x1670.jpg 768w, https:\/\/training.3d2cut.com\/wp-content\/uploads\/2025\/09\/IMG_2160-706x1536.jpg 706w, https:\/\/training.3d2cut.com\/wp-content\/uploads\/2025\/09\/IMG_2160-942x2048.jpg 942w, https:\/\/training.3d2cut.com\/wp-content\/uploads\/2025\/09\/IMG_2160-6x12.jpg 6w, https:\/\/training.3d2cut.com\/wp-content\/uploads\/2025\/09\/IMG_2160-500x1087.jpg 500w, https:\/\/training.3d2cut.com\/wp-content\/uploads\/2025\/09\/IMG_2160-800x1739.jpg 800w, https:\/\/training.3d2cut.com\/wp-content\/uploads\/2025\/09\/IMG_2160-scaled.jpg 1177w\" sizes=\"auto, (max-width: 471px) 100vw, 471px\" \/><\/figure>\n\n\n\n<h3 class=\"wp-block-heading\"><strong>4. Cursos y ejercicios<\/strong><\/h3>\n\n\n\n<p>Cada curso incluye lecciones con cuestionarios y ejercicios visuales:<\/p>\n\n\n\n<ul class=\"wp-block-list\">\n<li>Preguntas de respuesta m\u00faltiple<\/li>\n\n\n\n<li>Tareas de imagen (por ejemplo, identificar yemas latentes)<\/li>\n<\/ul>\n\n\n\n<p><strong>Ejemplo de pregunta<\/strong><\/p>\n\n\n\n<figure class=\"wp-block-image size-large\"><img loading=\"lazy\" decoding=\"async\" width=\"471\" height=\"1024\" src=\"https:\/\/training.3d2cut.com\/wp-content\/uploads\/2025\/09\/IMG_2162-471x1024.jpg\" alt=\"\" class=\"wp-image-1755\" srcset=\"https:\/\/training.3d2cut.com\/wp-content\/uploads\/2025\/09\/IMG_2162-471x1024.jpg 471w, https:\/\/training.3d2cut.com\/wp-content\/uploads\/2025\/09\/IMG_2162-138x300.jpg 138w, https:\/\/training.3d2cut.com\/wp-content\/uploads\/2025\/09\/IMG_2162-768x1670.jpg 768w, https:\/\/training.3d2cut.com\/wp-content\/uploads\/2025\/09\/IMG_2162-706x1536.jpg 706w, https:\/\/training.3d2cut.com\/wp-content\/uploads\/2025\/09\/IMG_2162-942x2048.jpg 942w, https:\/\/training.3d2cut.com\/wp-content\/uploads\/2025\/09\/IMG_2162-6x12.jpg 6w, https:\/\/training.3d2cut.com\/wp-content\/uploads\/2025\/09\/IMG_2162-500x1087.jpg 500w, https:\/\/training.3d2cut.com\/wp-content\/uploads\/2025\/09\/IMG_2162-800x1739.jpg 800w, https:\/\/training.3d2cut.com\/wp-content\/uploads\/2025\/09\/IMG_2162-scaled.jpg 1177w\" sizes=\"auto, (max-width: 471px) 100vw, 471px\" \/><\/figure>\n\n\n\n<p><strong>Ejercicio<\/strong><\/p>\n\n\n\n<figure class=\"wp-block-image size-large\"><img loading=\"lazy\" decoding=\"async\" width=\"471\" height=\"1024\" src=\"https:\/\/training.3d2cut.com\/wp-content\/uploads\/2025\/09\/IMG_2161-471x1024.jpg\" alt=\"\" class=\"wp-image-1756\" srcset=\"https:\/\/training.3d2cut.com\/wp-content\/uploads\/2025\/09\/IMG_2161-471x1024.jpg 471w, https:\/\/training.3d2cut.com\/wp-content\/uploads\/2025\/09\/IMG_2161-138x300.jpg 138w, https:\/\/training.3d2cut.com\/wp-content\/uploads\/2025\/09\/IMG_2161-768x1670.jpg 768w, https:\/\/training.3d2cut.com\/wp-content\/uploads\/2025\/09\/IMG_2161-706x1536.jpg 706w, https:\/\/training.3d2cut.com\/wp-content\/uploads\/2025\/09\/IMG_2161-942x2048.jpg 942w, https:\/\/training.3d2cut.com\/wp-content\/uploads\/2025\/09\/IMG_2161-6x12.jpg 6w, https:\/\/training.3d2cut.com\/wp-content\/uploads\/2025\/09\/IMG_2161-500x1087.jpg 500w, https:\/\/training.3d2cut.com\/wp-content\/uploads\/2025\/09\/IMG_2161-800x1739.jpg 800w, https:\/\/training.3d2cut.com\/wp-content\/uploads\/2025\/09\/IMG_2161-scaled.jpg 1177w\" sizes=\"auto, (max-width: 471px) 100vw, 471px\" \/><\/figure>\n\n\n\n<h3 class=\"wp-block-heading\"><strong>5. 5. Seguimiento del progreso<\/strong><\/h3>\n\n\n\n<p>Su rendimiento se mide a trav\u00e9s de:<\/p>\n\n\n\n<ul class=\"wp-block-list\">\n<li><strong>Puntos de experiencia<\/strong><\/li>\n\n\n\n<li><strong>Nivel de conocimientos<\/strong> (lecciones completadas)<\/li>\n\n\n\n<li><strong>Precisi\u00f3n %<\/strong> (respuestas correctas)<\/li>\n<\/ul>\n\n\n\n<p><strong>Registro de actividades<\/strong><\/p>\n\n\n\n<figure class=\"wp-block-image size-large\"><img loading=\"lazy\" decoding=\"async\" width=\"471\" height=\"1024\" src=\"https:\/\/training.3d2cut.com\/wp-content\/uploads\/2025\/08\/IMG_2929-471x1024.png\" alt=\"\" class=\"wp-image-703\" srcset=\"https:\/\/training.3d2cut.com\/wp-content\/uploads\/2025\/08\/IMG_2929-471x1024.png 471w, https:\/\/training.3d2cut.com\/wp-content\/uploads\/2025\/08\/IMG_2929-138x300.png 138w, https:\/\/training.3d2cut.com\/wp-content\/uploads\/2025\/08\/IMG_2929-768x1670.png 768w, https:\/\/training.3d2cut.com\/wp-content\/uploads\/2025\/08\/IMG_2929-706x1536.png 706w, https:\/\/training.3d2cut.com\/wp-content\/uploads\/2025\/08\/IMG_2929-942x2048.png 942w, https:\/\/training.3d2cut.com\/wp-content\/uploads\/2025\/08\/IMG_2929-500x1087.png 500w, https:\/\/training.3d2cut.com\/wp-content\/uploads\/2025\/08\/IMG_2929-800x1739.png 800w, https:\/\/training.3d2cut.com\/wp-content\/uploads\/2025\/08\/IMG_2929-scaled.png 1177w\" sizes=\"auto, (max-width: 471px) 100vw, 471px\" \/><\/figure>\n\n\n\n<h3 class=\"wp-block-heading\"><strong>6. Gesti\u00f3n de cuentas<\/strong><\/h3>\n\n\n\n<p>Ir a <strong>Perfil \u2192 Configuraci\u00f3n de la cuenta<\/strong> a:<\/p>\n\n\n\n<ul class=\"wp-block-list\">\n<li>Eliminar o cerrar su cuenta<\/li>\n\n\n\n<li>Cambiar de idioma<\/li>\n<\/ul>\n\n\n\n<p><strong>Pantalla de configuraci\u00f3n<\/strong><\/p>\n\n\n\n<figure class=\"wp-block-image size-large\"><img loading=\"lazy\" decoding=\"async\" width=\"471\" height=\"1024\" src=\"https:\/\/training.3d2cut.com\/wp-content\/uploads\/2025\/08\/IMG_2926-471x1024.png\" alt=\"\" class=\"wp-image-704\" srcset=\"https:\/\/training.3d2cut.com\/wp-content\/uploads\/2025\/08\/IMG_2926-471x1024.png 471w, https:\/\/training.3d2cut.com\/wp-content\/uploads\/2025\/08\/IMG_2926-138x300.png 138w, https:\/\/training.3d2cut.com\/wp-content\/uploads\/2025\/08\/IMG_2926-768x1670.png 768w, https:\/\/training.3d2cut.com\/wp-content\/uploads\/2025\/08\/IMG_2926-706x1536.png 706w, https:\/\/training.3d2cut.com\/wp-content\/uploads\/2025\/08\/IMG_2926-942x2048.png 942w, https:\/\/training.3d2cut.com\/wp-content\/uploads\/2025\/08\/IMG_2926-500x1087.png 500w, https:\/\/training.3d2cut.com\/wp-content\/uploads\/2025\/08\/IMG_2926-800x1739.png 800w, https:\/\/training.3d2cut.com\/wp-content\/uploads\/2025\/08\/IMG_2926-scaled.png 1177w\" sizes=\"auto, (max-width: 471px) 100vw, 471px\" \/><\/figure>\n\n\n\n<figure class=\"wp-block-image size-large\"><img loading=\"lazy\" decoding=\"async\" width=\"471\" height=\"1024\" src=\"https:\/\/training.3d2cut.com\/wp-content\/uploads\/2025\/08\/IMG_2930-471x1024.png\" alt=\"\" class=\"wp-image-709\" srcset=\"https:\/\/training.3d2cut.com\/wp-content\/uploads\/2025\/08\/IMG_2930-471x1024.png 471w, https:\/\/training.3d2cut.com\/wp-content\/uploads\/2025\/08\/IMG_2930-138x300.png 138w, https:\/\/training.3d2cut.com\/wp-content\/uploads\/2025\/08\/IMG_2930-768x1670.png 768w, https:\/\/training.3d2cut.com\/wp-content\/uploads\/2025\/08\/IMG_2930-706x1536.png 706w, https:\/\/training.3d2cut.com\/wp-content\/uploads\/2025\/08\/IMG_2930-942x2048.png 942w, https:\/\/training.3d2cut.com\/wp-content\/uploads\/2025\/08\/IMG_2930-500x1087.png 500w, https:\/\/training.3d2cut.com\/wp-content\/uploads\/2025\/08\/IMG_2930-800x1739.png 800w, https:\/\/training.3d2cut.com\/wp-content\/uploads\/2025\/08\/IMG_2930-scaled.png 1177w\" sizes=\"auto, (max-width: 471px) 100vw, 471px\" \/><\/figure>\n\n\n\n<h3 class=\"wp-block-heading\"><strong>7. Notificaciones<\/strong><\/h3>\n\n\n\n<p>Activa o desactiva las notificaciones push en:<\/p>\n\n\n\n<p><strong>Perfil \u2192 Notificaciones<\/strong><\/p>\n\n\n\n<p><strong>Ajustes de notificaci\u00f3n<\/strong><\/p>\n\n\n\n<figure class=\"wp-block-image size-large\"><img loading=\"lazy\" decoding=\"async\" width=\"471\" height=\"1024\" src=\"https:\/\/training.3d2cut.com\/wp-content\/uploads\/2025\/08\/IMG_2931-471x1024.png\" alt=\"\" class=\"wp-image-705\" srcset=\"https:\/\/training.3d2cut.com\/wp-content\/uploads\/2025\/08\/IMG_2931-471x1024.png 471w, https:\/\/training.3d2cut.com\/wp-content\/uploads\/2025\/08\/IMG_2931-138x300.png 138w, https:\/\/training.3d2cut.com\/wp-content\/uploads\/2025\/08\/IMG_2931-768x1670.png 768w, https:\/\/training.3d2cut.com\/wp-content\/uploads\/2025\/08\/IMG_2931-706x1536.png 706w, https:\/\/training.3d2cut.com\/wp-content\/uploads\/2025\/08\/IMG_2931-942x2048.png 942w, https:\/\/training.3d2cut.com\/wp-content\/uploads\/2025\/08\/IMG_2931-500x1087.png 500w, https:\/\/training.3d2cut.com\/wp-content\/uploads\/2025\/08\/IMG_2931-800x1739.png 800w, https:\/\/training.3d2cut.com\/wp-content\/uploads\/2025\/08\/IMG_2931-scaled.png 1177w\" sizes=\"auto, (max-width: 471px) 100vw, 471px\" \/><\/figure>\n\n\n\n<h3 class=\"wp-block-heading\"><strong>8. Soporte<\/strong><\/h3>\n\n\n\n<p>\u00bfNecesitas ayuda? Vaya a:<\/p>\n\n\n\n<p><strong>Perfil \u2192 Ayuda y soporte<\/strong><\/p>\n\n\n\n<p>Ah\u00ed lo tienes:<\/p>\n\n\n\n<ul class=\"wp-block-list\">\n<li>Ver preguntas frecuentes<\/li>\n\n\n\n<li>Acceder al Manual del usuario<\/li>\n\n\n\n<li>Contacto por tel\u00e9fono o correo electr\u00f3nico<\/li>\n<\/ul>\n\n\n\n<p><strong>Pantalla de ayuda y soporte<\/strong><\/p>\n\n\n\n<figure class=\"wp-block-image size-large\"><img loading=\"lazy\" decoding=\"async\" width=\"471\" height=\"1024\" src=\"https:\/\/training.3d2cut.com\/wp-content\/uploads\/2025\/09\/IMG_2163-471x1024.jpg\" alt=\"\" class=\"wp-image-1758\" srcset=\"https:\/\/training.3d2cut.com\/wp-content\/uploads\/2025\/09\/IMG_2163-471x1024.jpg 471w, https:\/\/training.3d2cut.com\/wp-content\/uploads\/2025\/09\/IMG_2163-138x300.jpg 138w, https:\/\/training.3d2cut.com\/wp-content\/uploads\/2025\/09\/IMG_2163-768x1670.jpg 768w, https:\/\/training.3d2cut.com\/wp-content\/uploads\/2025\/09\/IMG_2163-706x1536.jpg 706w, https:\/\/training.3d2cut.com\/wp-content\/uploads\/2025\/09\/IMG_2163-942x2048.jpg 942w, https:\/\/training.3d2cut.com\/wp-content\/uploads\/2025\/09\/IMG_2163-6x12.jpg 6w, https:\/\/training.3d2cut.com\/wp-content\/uploads\/2025\/09\/IMG_2163-500x1087.jpg 500w, https:\/\/training.3d2cut.com\/wp-content\/uploads\/2025\/09\/IMG_2163-800x1739.jpg 800w, https:\/\/training.3d2cut.com\/wp-content\/uploads\/2025\/09\/IMG_2163-scaled.jpg 1177w\" sizes=\"auto, (max-width: 471px) 100vw, 471px\" \/><\/figure>\n\n\n\n<h3 class=\"wp-block-heading\"><strong>9. Cierre de sesi\u00f3n<\/strong><\/h3>\n\n\n\n<p>Para cerrar la sesi\u00f3n:<br>Ir a <strong>Perfil \u2192 Cerrar sesi\u00f3n<\/strong> en la parte inferior del men\u00fa.<\/p>\n\n\n\n<figure class=\"wp-block-image size-large\"><img loading=\"lazy\" decoding=\"async\" width=\"471\" height=\"1024\" src=\"https:\/\/training.3d2cut.com\/wp-content\/uploads\/2025\/08\/IMG_2926-1-471x1024.png\" alt=\"\" class=\"wp-image-707\" srcset=\"https:\/\/training.3d2cut.com\/wp-content\/uploads\/2025\/08\/IMG_2926-1-471x1024.png 471w, https:\/\/training.3d2cut.com\/wp-content\/uploads\/2025\/08\/IMG_2926-1-138x300.png 138w, https:\/\/training.3d2cut.com\/wp-content\/uploads\/2025\/08\/IMG_2926-1-768x1670.png 768w, https:\/\/training.3d2cut.com\/wp-content\/uploads\/2025\/08\/IMG_2926-1-706x1536.png 706w, https:\/\/training.3d2cut.com\/wp-content\/uploads\/2025\/08\/IMG_2926-1-942x2048.png 942w, https:\/\/training.3d2cut.com\/wp-content\/uploads\/2025\/08\/IMG_2926-1-500x1087.png 500w, https:\/\/training.3d2cut.com\/wp-content\/uploads\/2025\/08\/IMG_2926-1-800x1739.png 800w, https:\/\/training.3d2cut.com\/wp-content\/uploads\/2025\/08\/IMG_2926-1-scaled.png 1177w\" sizes=\"auto, (max-width: 471px) 100vw, 471px\" \/><\/figure>\n\n\n\n<div style=\"height:100px\" aria-hidden=\"true\" class=\"wp-block-spacer\"><\/div>","protected":false},"excerpt":{"rendered":"<p>1. Introduction Pruning Practice is an AI-powered mobile application that helps users learn and master vine pruning techniques through structured training, interactive exercises, and progress tracking. 2. Getting Started &nbsp;Login Screen 3. Navigating the App Dashboard View Course Overview 4. Courses and Exercises Each course includes lessons with quizzes and visual exercises: Question Example Exercise [&hellip;]<\/p>\n","protected":false},"author":87,"featured_media":0,"parent":0,"menu_order":0,"comment_status":"closed","ping_status":"closed","template":"","meta":{"content-type":"","footnotes":""},"class_list":["post-520","page","type-page","status-publish","hentry"],"_links":{"self":[{"href":"https:\/\/training.3d2cut.com\/es\/wp-json\/wp\/v2\/pages\/520","targetHints":{"allow":["GET"]}}],"collection":[{"href":"https:\/\/training.3d2cut.com\/es\/wp-json\/wp\/v2\/pages"}],"about":[{"href":"https:\/\/training.3d2cut.com\/es\/wp-json\/wp\/v2\/types\/page"}],"author":[{"embeddable":true,"href":"https:\/\/training.3d2cut.com\/es\/wp-json\/wp\/v2\/users\/87"}],"replies":[{"embeddable":true,"href":"https:\/\/training.3d2cut.com\/es\/wp-json\/wp\/v2\/comments?post=520"}],"version-history":[{"count":15,"href":"https:\/\/training.3d2cut.com\/es\/wp-json\/wp\/v2\/pages\/520\/revisions"}],"predecessor-version":[{"id":1874,"href":"https:\/\/training.3d2cut.com\/es\/wp-json\/wp\/v2\/pages\/520\/revisions\/1874"}],"wp:attachment":[{"href":"https:\/\/training.3d2cut.com\/es\/wp-json\/wp\/v2\/media?parent=520"}],"curies":[{"name":"wp","href":"https:\/\/api.w.org\/{rel}","templated":true}]}}