{"id":505,"date":"2025-07-01T08:49:13","date_gmt":"2025-07-01T08:49:13","guid":{"rendered":"https:\/\/training.3d2cut.com\/?page_id=505"},"modified":"2025-10-02T08:39:18","modified_gmt":"2025-10-02T08:39:18","slug":"faq","status":"publish","type":"page","link":"https:\/\/training.3d2cut.com\/es\/faq\/","title":{"rendered":"App de pr\u00e1cticas de poda - FAQ"},"content":{"rendered":"<style>\n.wp-block-post-content{padding: 0px 16px 0px 0px !important;}\n.wp-block-group{margin-top: 0px!important;}\n.wp-block-post-title{display:none!important}\n.FAQ_Title{padding:0px 40px!important;}\n<\/style>\n\n\n\n<h1 class=\"wp-block-heading FAQ_Title\">FAQs<\/h1>\n\n\n\n<ol style=\"margin-top:0;margin-bottom:0\" class=\"wp-block-list\">\n<li style=\"margin-top:10px;margin-bottom:10px\"><strong>\u00bfQu\u00e9 es la pr\u00e1ctica de la poda?<\/strong><br>Pr\u00e1ctica de poda es una aplicaci\u00f3n basada en inteligencia artificial para aprender y practicar la poda de la vid. Se<br>incluye lecciones guiadas, ejercicios y seguimiento de los progresos.<\/li>\n\n\n\n<li style=\"margin-top:10px;margin-bottom:10px\"><strong>\u00bfC\u00f3mo me inscribo o inicio sesi\u00f3n?<\/strong><br>Puedes iniciar sesi\u00f3n o crear una cuenta con Apple o Google. La direcci\u00f3n de correo electr\u00f3nico debe coincidir con la<br>el utilizado en el sitio web de formaci\u00f3n.<\/li>\n\n\n\n<li style=\"margin-top:10px;margin-bottom:10px\"><strong>\u00bfQu\u00e9 tipo de formaci\u00f3n se ofrece?<\/strong><br>La aplicaci\u00f3n ofrece lecciones estructuradas de poda, como Guyot Simple - Poda suave. Cada<br>La lecci\u00f3n incluye v\u00eddeos, preguntas y ejercicios interactivos.<\/li>\n\n\n\n<li style=\"margin-top:10px;margin-bottom:10px\"><strong>\u00bfC\u00f3mo se controla mi progreso?<\/strong><br>Aparecer\u00e1 tu panel de control:<br>\u25cf Nivel de experiencia<br>\u25cf Puntuaci\u00f3n de conocimientos (por ejemplo, 4\/14 lecciones).<br>\u25cf Porcentaje de precisi\u00f3n (exactitud de las respuestas)<\/li>\n\n\n\n<li style=\"margin-top:10px;margin-bottom:10px\"><strong>\u00bfQu\u00e9 son los \"Ejercicios\"?<\/strong><br>Los ejercicios son pruebas o tareas interactivas (por ejemplo, seleccionar yemas latentes en una vid). Completar<br>aumentan tu puntuaci\u00f3n de conocimiento y precisi\u00f3n.<\/li>\n\n\n\n<li style=\"margin-top:10px;margin-bottom:10px\"><strong>\u00bfPuedo consultar mi historial de formaci\u00f3n?<\/strong><br>S\u00ed. <strong>Registro de actividades<\/strong> muestra los intentos de lecci\u00f3n, las respuestas correctas y las estad\u00edsticas de progreso actualizadas.<\/li>\n\n\n\n<li style=\"margin-top:10px;margin-bottom:10px\"><strong>\u00bfC\u00f3mo cambio la configuraci\u00f3n de la aplicaci\u00f3n?<\/strong><br>Ir a <strong>Perfil \u2192 Configuraci\u00f3n de la cuenta<\/strong> a:<br>\u25cf Cambiar el idioma<br>\u25cf Eliminar o cerrar su cuenta<\/li>\n\n\n\n<li style=\"margin-top:10px;margin-bottom:10px\"><strong>\u00bfC\u00f3mo se gestionan las notificaciones?<\/strong><br>En <strong>Perfil \u2192 Notificaciones<\/strong>puedes activar o desactivar las notificaciones push.<\/li>\n\n\n\n<li style=\"margin-top:10px;margin-bottom:10px\"><strong>\u00bfC\u00f3mo puedo ponerme en contacto con el servicio de asistencia?<\/strong><br>\u25cf Tel\u00e9fono: <a href=\"tel:0041275521341\">+41 27 552 13 41<\/a><br>\u25cf Correo electr\u00f3nico: <a href=\"mailto:support@3d2cut.com\">support@3d2cut.com<\/a><br>\u25cf Tambi\u00e9n puede comprobar la <strong>FAQs <\/strong>y <strong>Manuales de usuario<\/strong> en el <strong>Ayuda y soporte t\u00e9cnico<\/strong>.<\/li>\n\n\n\n<li style=\"margin-top:10px;margin-bottom:10px\"><strong>\u00bfPuedo desconectarme?<\/strong><br>S\u00ed. Vaya a <strong>Perfil \u2192 Cerrar sesi\u00f3n.<\/strong><\/li>\n<\/ol>\n\n\n\n<div style=\"height:100px\" aria-hidden=\"true\" class=\"wp-block-spacer\"><\/div>","protected":false},"excerpt":{"rendered":"<p>FAQs<\/p>","protected":false},"author":87,"featured_media":0,"parent":0,"menu_order":0,"comment_status":"closed","ping_status":"closed","template":"","meta":{"content-type":"","footnotes":""},"class_list":["post-505","page","type-page","status-publish","hentry"],"_links":{"self":[{"href":"https:\/\/training.3d2cut.com\/es\/wp-json\/wp\/v2\/pages\/505","targetHints":{"allow":["GET"]}}],"collection":[{"href":"https:\/\/training.3d2cut.com\/es\/wp-json\/wp\/v2\/pages"}],"about":[{"href":"https:\/\/training.3d2cut.com\/es\/wp-json\/wp\/v2\/types\/page"}],"author":[{"embeddable":true,"href":"https:\/\/training.3d2cut.com\/es\/wp-json\/wp\/v2\/users\/87"}],"replies":[{"embeddable":true,"href":"https:\/\/training.3d2cut.com\/es\/wp-json\/wp\/v2\/comments?post=505"}],"version-history":[{"count":12,"href":"https:\/\/training.3d2cut.com\/es\/wp-json\/wp\/v2\/pages\/505\/revisions"}],"predecessor-version":[{"id":1873,"href":"https:\/\/training.3d2cut.com\/es\/wp-json\/wp\/v2\/pages\/505\/revisions\/1873"}],"wp:attachment":[{"href":"https:\/\/training.3d2cut.com\/es\/wp-json\/wp\/v2\/media?parent=505"}],"curies":[{"name":"wp","href":"https:\/\/api.w.org\/{rel}","templated":true}]}}