{"id":1383,"date":"2025-09-11T20:28:47","date_gmt":"2025-09-11T20:28:47","guid":{"rendered":"https:\/\/training.3d2cut.com\/?page_id=1383"},"modified":"2025-10-02T08:28:43","modified_gmt":"2025-10-02T08:28:43","slug":"course-instructions","status":"publish","type":"page","link":"https:\/\/training.3d2cut.com\/es\/course-instructions\/","title":{"rendered":"Instrucciones del curso"},"content":{"rendered":"<h2 class=\"wp-block-heading\">Poda digital de la vid - C\u00f3mo funciona<\/h2>\n\n\n\n<p>Breve introducci\u00f3n (5 pasos)<\/p>\n\n\n\n<ol class=\"wp-block-list\">\n<li>Reg\u00edstrese en <strong>formaci\u00f3n.3d2cut.com<\/strong> con <strong>Apple<\/strong> o <strong>Google<\/strong>.<\/li>\n\n\n\n<li>Compre \/ acepte plazas para su curso.<\/li>\n\n\n\n<li>Instale el <a href=\"https:\/\/apps.apple.com\/us\/app\/pruning-practice\/id6746447032?platform=iphone\"><strong>App de pr\u00e1cticas de poda<\/strong><\/a> para iOS. <strong style=\"color:red;\">(Aplicaci\u00f3n para Android pr\u00f3ximamente)<\/strong><\/li>\n\n\n\n<li>Vea cada lecci\u00f3n en el sitio web y haga clic en <strong>Marca completa<\/strong>.<\/li>\n\n\n\n<li>Los ejercicios respectivos se desbloquean con cada lecci\u00f3n del <strong>App de pr\u00e1cticas de poda<\/strong>.<\/li>\n<\/ol>\n\n\n\n<h2 class=\"wp-block-heading\">Lo que necesita<\/h2>\n\n\n\n<ul class=\"wp-block-list\">\n<li>iPhone o iPad para utilizar el <strong>Pr\u00e1cticas de poda<\/strong> (iOS 16.0 o posterior).<\/li>\n\n\n\n<li>En <strong>misma cuenta de Apple o Google<\/strong> tanto en el sitio web como en la aplicaci\u00f3n para que tu progreso se mantenga sincronizado.<\/li>\n\n\n\n<li>Una conexi\u00f3n a Internet estable para las lecciones de v\u00eddeo y la sincronizaci\u00f3n de ejercicios.<\/li>\n<\/ul>\n\n\n\n<h2 class=\"wp-block-heading\">Si usted es un Vineyard Manager (comprando asientos e invitando a su equipo)<\/h2>\n\n\n\n<ol class=\"wp-block-list\">\n<li><strong>Iniciar sesi\u00f3n<\/strong> en <strong>formaci\u00f3n.3d2cut.com<\/strong> utilizando un <strong>Apple<\/strong> o <strong>Google<\/strong> cuenta.<\/li>\n\n\n\n<li>Abra el curso que desee (p. ej, <em>Guyot Simple<\/em>) y <strong>elegir el n\u00famero de plazas<\/strong> que necesitas. (Puedes comprar m\u00e1s plazas despu\u00e9s)<\/li>\n\n\n\n<li><strong>Pedido<\/strong> para comprar plazas. Recibir\u00e1s un correo electr\u00f3nico de confirmaci\u00f3n con los siguientes pasos.<\/li>\n\n\n\n<li>Ir a <strong><a href=\"https:\/\/training.3d2cut.com\/es\/dashboard\/my-groups\/\">Mis grupos<\/a><\/strong> (enlace en el men\u00fa de su cuenta), seleccione un Grupo y haga clic en \"<strong>Gestione<\/strong>\" a <strong>invitar a los alumnos por correo electr\u00f3nico<\/strong> o <strong>Enlace de invitaci\u00f3n<\/strong> y asignar asientos.<br><img loading=\"lazy\" decoding=\"async\" width=\"355\" height=\"256\" class=\"wp-image-1364\" style=\"width: auto;\" src=\"https:\/\/training.3d2cut.com\/wp-content\/uploads\/2025\/09\/Manage-groups.png\" alt=\"\" srcset=\"https:\/\/training.3d2cut.com\/wp-content\/uploads\/2025\/09\/Manage-groups.png 355w, https:\/\/training.3d2cut.com\/wp-content\/uploads\/2025\/09\/Manage-groups-300x216.png 300w, https:\/\/training.3d2cut.com\/wp-content\/uploads\/2025\/09\/Manage-groups-18x12.png 18w\" sizes=\"auto, (max-width: 355px) 100vw, 355px\" \/><img loading=\"lazy\" decoding=\"async\" width=\"400\" height=\"427\" class=\"wp-image-1370\" style=\"width: 400px;\" src=\"https:\/\/training.3d2cut.com\/wp-content\/uploads\/2025\/09\/Invite-members.png\" alt=\"\" srcset=\"https:\/\/training.3d2cut.com\/wp-content\/uploads\/2025\/09\/Invite-members.png 610w, https:\/\/training.3d2cut.com\/wp-content\/uploads\/2025\/09\/Invite-members-281x300.png 281w, https:\/\/training.3d2cut.com\/wp-content\/uploads\/2025\/09\/Invite-members-11x12.png 11w, https:\/\/training.3d2cut.com\/wp-content\/uploads\/2025\/09\/Invite-members-500x534.png 500w\" sizes=\"auto, (max-width: 400px) 100vw, 400px\" \/><\/li>\n\n\n\n<li>Tus alumnos recibir\u00e1n un correo electr\u00f3nico con:\n<ul class=\"wp-block-list\">\n<li>un enlace a <strong>iniciar sesi\u00f3n en el sitio web<\/strong><\/li>\n\n\n\n<li>un enlace a <strong>instalar la aplicaci\u00f3n iOS<\/strong><\/li>\n\n\n\n<li>breves instrucciones que explican el <strong>web \u2194 app<\/strong> flujo de trabajo.<\/li>\n<\/ul>\n<\/li>\n\n\n\n<li><strong>Seguimiento del progreso<\/strong> en cualquier momento desde <strong>Mis grupos \/ Informes<\/strong>: ver qui\u00e9n acept\u00f3 plazas, finalizaci\u00f3n de lecciones y actividad de ejercicios.<br><\/li>\n\n\n\n<li>Para comprar m\u00e1s plazas m\u00e1s adelante, vaya a <strong><a href=\"https:\/\/training.3d2cut.com\/es\/dashboard\/my-groups\/\">Mis grupos<\/a><\/strong> (enlace en el men\u00fa de su cuenta) y haga clic en \"<strong>Comprar plazas adicionales<\/strong>&#8220;.<br><img decoding=\"async\" class=\"wp-image-1370\" style=\"width: auto;\" src=\"https:\/\/training.3d2cut.com\/wp-content\/uploads\/2025\/10\/Screenshot-2025-10-02-093952.png\" alt=\"\"><img decoding=\"async\" class=\"wp-image-1370\" style=\"width: 400px;\" src=\"https:\/\/training.3d2cut.com\/wp-content\/uploads\/2025\/10\/Screenshot-2025-10-02-094134.png\" alt=\"\"><br><\/li>\n<\/ol>\n\n\n\n<p><strong>Consejo:<\/strong> Anime a su equipo a utilizar el <strong>misma cuenta Apple\/Google<\/strong> tanto en el <strong>Sitio web training.3d2cut.com<\/strong> y el <strong>Pr\u00e1cticas de poda<\/strong> <strong>Aplicaci\u00f3n<\/strong>. Mezclar cuentas (por ejemplo, Google del trabajo en la web, Apple personal en la aplicaci\u00f3n) impedir\u00e1 la sincronizaci\u00f3n.<\/p>\n\n\n\n<h2 class=\"wp-block-heading\">Si es un Aprendiz \/ Podador<\/h2>\n\n\n\n<ol class=\"wp-block-list\">\n<li><strong>Abrir la invitaci\u00f3n por correo electr\u00f3nico<\/strong> o el <strong>invitar enlace<\/strong> y <strong>Iniciar sesi\u00f3n<\/strong> con Apple o Google.\n<ol class=\"wp-block-list\">\n<li>Si la direcci\u00f3n de correo electr\u00f3nico que has facilitado no est\u00e1 asociada a una cuenta de Apple o Google, puedes crear una de la siguiente manera <a href=\"https:\/\/accounts.google.com\/signup?utm_source=help\" target=\"_blank\" rel=\"noreferrer noopener\"><strong>siguiendo este enlace<\/strong><\/a>.<\/li>\n\n\n\n<li>Introduzca su nombre y apellidos &gt; Introduzca su fecha de nacimiento y sexo &gt; Elija \"<strong>Utilizar el correo electr\u00f3nico existente<\/strong>\" &gt; Introduce el c\u00f3digo recibido en la bandeja de entrada de tu correo electr\u00f3nico.<\/li>\n\n\n\n<li>Una vez creado este correo electr\u00f3nico como correo electr\u00f3nico de Google, ya puedes iniciar sesi\u00f3n desde el enlace de invitaci\u00f3n.<\/li>\n<\/ol>\n<\/li>\n\n\n\n<li><a href=\"https:\/\/apps.apple.com\/us\/app\/pruning-practice\/id6746447032\"><strong>Instalar la aplicaci\u00f3n Pr\u00e1ctica de poda para iOS<\/strong><\/a> (enlace en su correo electr\u00f3nico o dentro del curso) y <strong>iniciar sesi\u00f3n con la misma cuenta de Apple\/Google<\/strong> utilizado en el sitio web.<\/li>\n\n\n\n<li>Seleccione el curso y <strong>obtener started w<\/strong><strong>lecciones en v\u00eddeo<\/strong>. Cuando termine, pulse <strong>Marca completa<\/strong> al final de cada lecci\u00f3n.<\/li>\n\n\n\n<li>En la aplicaci\u00f3n, complete los campos <strong>ejercicios desbloqueados por esa lecci\u00f3n<\/strong>\n<ul class=\"wp-block-list\">\n<li><strong>Cuestionarios<\/strong><\/li>\n\n\n\n<li><strong>Tareas de imagen<\/strong> (por ejemplo, identificar yemas latentes)<\/li>\n\n\n\n<li><strong>Ejercicios interactivos de poda<\/strong><\/li>\n<\/ul>\n<\/li>\n\n\n\n<li><strong>Repita<\/strong>: v\u00eddeo de la web \u2192 marca completa \u2192 ejercicios de la app.\n<ul class=\"wp-block-list\">\n<li>\u00bfPrefiere ver primero todos los v\u00eddeos? Puede hacerlo <strong>marque todas las lecciones completas<\/strong> en el sitio web y, a continuaci\u00f3n, haga <strong>todos los ejercicios al final<\/strong> en la aplicaci\u00f3n.<\/li>\n<\/ul>\n<\/li>\n\n\n\n<li>Sigue tu propio progreso en la aplicaci\u00f3n: <strong>Puntos de experiencia<\/strong>, <strong>Nivel de conocimientos<\/strong> (lecciones terminadas), <strong>Precisi\u00f3n %<\/strong> (respuestas correctas), y <strong>Registro de actividades<\/strong>.<\/li>\n<\/ol>\n\n\n\n<h2 class=\"wp-block-heading\">Web \u2194 App: c\u00f3mo funciona el desbloqueo y la sincronizaci\u00f3n<\/h2>\n\n\n\n<ul class=\"wp-block-list\">\n<li>Cada <strong>ejercicios de la lecci\u00f3n<\/strong> desbloquear <strong>s\u00f3lo despu\u00e9s de<\/strong> usted <strong>Marca completa<\/strong> en el sitio web.<\/li>\n\n\n\n<li>Una vez completado el marcado, <strong>abrir la aplicaci\u00f3n<\/strong> \u2192 aparecen los nuevos ejercicios. Si no los ve:\n<ul class=\"wp-block-list\">\n<li>verifique que ha iniciado sesi\u00f3n con el <strong>misma cuenta Apple\/Google<\/strong> tanto en la web como en la aplicaci\u00f3n<\/li>\n\n\n\n<li><strong>tirar para refrescar<\/strong> el panel de control de la aplicaci\u00f3n<\/li>\n\n\n\n<li>cerrar y volver a abrir la aplicaci\u00f3n despu\u00e9s de unos segundos<\/li>\n<\/ul>\n<\/li>\n\n\n\n<li>Puedes hacer ejercicios <strong>lecci\u00f3n a lecci\u00f3n<\/strong> o <strong>todo a la vez<\/strong> despu\u00e9s de marcar todas las lecciones completas.<\/li>\n<\/ul>\n\n\n\n<h2 class=\"wp-block-heading\">Navegaci\u00f3n dentro de la aplicaci\u00f3n<\/h2>\n\n\n\n<p>\u00bfQuieres conocer la aplicaci\u00f3n? Lee la <a href=\"https:\/\/training.3d2cut.com\/es\/user-manuals\/\" data-type=\"page\" data-id=\"520\">Manual del usuario<\/a><\/p>\n\n\n\n<div style=\"height:100px\" aria-hidden=\"true\" class=\"wp-block-spacer\"><\/div>","protected":false},"excerpt":{"rendered":"<p>Digital Vine Pruning Training \u2014 How it works Brief Introduction (5 steps) What you need If you\u2019re a Vineyard Manager (buying seats &amp; inviting your team) Tip: Encourage your team to use the same Apple\/Google account on both the training.3d2cut.com website and the Pruning Practice App. Mixing accounts (e.g., work Google on the web, personal [&hellip;]<\/p>\n","protected":false},"author":87,"featured_media":0,"parent":0,"menu_order":0,"comment_status":"closed","ping_status":"closed","template":"","meta":{"content-type":"","footnotes":""},"class_list":["post-1383","page","type-page","status-publish","hentry"],"_links":{"self":[{"href":"https:\/\/training.3d2cut.com\/es\/wp-json\/wp\/v2\/pages\/1383","targetHints":{"allow":["GET"]}}],"collection":[{"href":"https:\/\/training.3d2cut.com\/es\/wp-json\/wp\/v2\/pages"}],"about":[{"href":"https:\/\/training.3d2cut.com\/es\/wp-json\/wp\/v2\/types\/page"}],"author":[{"embeddable":true,"href":"https:\/\/training.3d2cut.com\/es\/wp-json\/wp\/v2\/users\/87"}],"replies":[{"embeddable":true,"href":"https:\/\/training.3d2cut.com\/es\/wp-json\/wp\/v2\/comments?post=1383"}],"version-history":[{"count":25,"href":"https:\/\/training.3d2cut.com\/es\/wp-json\/wp\/v2\/pages\/1383\/revisions"}],"predecessor-version":[{"id":1872,"href":"https:\/\/training.3d2cut.com\/es\/wp-json\/wp\/v2\/pages\/1383\/revisions\/1872"}],"wp:attachment":[{"href":"https:\/\/training.3d2cut.com\/es\/wp-json\/wp\/v2\/media?parent=1383"}],"curies":[{"name":"wp","href":"https:\/\/api.w.org\/{rel}","templated":true}]}}