{"id":1383,"date":"2025-09-11T20:28:47","date_gmt":"2025-09-11T20:28:47","guid":{"rendered":"https:\/\/training.3d2cut.com\/?page_id=1383"},"modified":"2025-10-02T08:28:43","modified_gmt":"2025-10-02T08:28:43","slug":"course-instructions","status":"publish","type":"page","link":"https:\/\/training.3d2cut.com\/de\/course-instructions\/","title":{"rendered":"Anweisungen zum Kurs"},"content":{"rendered":"<h2 class=\"wp-block-heading\">Digitales Rebschnitttraining - Wie es funktioniert<\/h2>\n\n\n\n<p>Kurze Einf\u00fchrung (5 Schritte)<\/p>\n\n\n\n<ol class=\"wp-block-list\">\n<li>Anmeldung unter <strong>ausbildung.3d2cut.com<\/strong> mit <strong>Apple<\/strong> oder <strong>Google<\/strong>.<\/li>\n\n\n\n<li>Kaufen \/ akzeptieren Sie Pl\u00e4tze f\u00fcr Ihren Kurs.<\/li>\n\n\n\n<li>Installieren Sie die <a href=\"https:\/\/apps.apple.com\/us\/app\/pruning-practice\/id6746447032?platform=iphone\"><strong>App f\u00fcr die Beschneidungspraxis<\/strong><\/a> f\u00fcr iOS. <strong style=\"color:red;\">(Android-App demn\u00e4chst verf\u00fcgbar)<\/strong><\/li>\n\n\n\n<li>Sehen Sie sich jede Lektion auf der Website an und klicken Sie auf <strong>Vollst\u00e4ndig markieren<\/strong>.<\/li>\n\n\n\n<li>Die jeweiligen \u00dcbungen werden mit jeder Lektion auf der Website freigeschaltet. <strong>App f\u00fcr die Beschneidungspraxis<\/strong>.<\/li>\n<\/ol>\n\n\n\n<h2 class=\"wp-block-heading\">Was Sie brauchen<\/h2>\n\n\n\n<ul class=\"wp-block-list\">\n<li>iPhone oder iPad, um die <strong>Praxis des Beschneidens<\/strong> App (iOS 16.0 oder h\u00f6her).<\/li>\n\n\n\n<li>Die <strong>dasselbe Apple- oder Google-Konto<\/strong> sowohl auf der Website als auch in der App, damit Ihr Fortschritt auf dem gleichen Stand bleibt.<\/li>\n\n\n\n<li>Eine stabile Internetverbindung f\u00fcr den Videounterricht und die Synchronisierung der \u00dcbungen.<\/li>\n<\/ul>\n\n\n\n<h2 class=\"wp-block-heading\">Wenn Sie ein Vineyard Manager sind (Pl\u00e4tze kaufen und Ihr Team einladen)<\/h2>\n\n\n\n<ol class=\"wp-block-list\">\n<li><strong>Eintragen<\/strong> unter <strong>ausbildung.3d2cut.com<\/strong> unter Verwendung einer <strong>Apple<\/strong> oder <strong>Google<\/strong> Konto.<\/li>\n\n\n\n<li>\u00d6ffnen Sie den gew\u00fcnschten Kurs (z.B., <em>Guyot Einfach<\/em>) und <strong>w\u00e4hlen Sie die Anzahl der Pl\u00e4tze<\/strong> Sie ben\u00f6tigen. (Sie k\u00f6nnen sp\u00e4ter weitere Pl\u00e4tze kaufen)<\/li>\n\n\n\n<li><strong>Kasse<\/strong> um Pl\u00e4tze zu kaufen. Sie erhalten dann eine Best\u00e4tigungs-E-Mail mit den n\u00e4chsten Schritten.<\/li>\n\n\n\n<li>Gehe zu <strong><a href=\"https:\/\/training.3d2cut.com\/de\/dashboard\/my-groups\/\">Meine Gruppen<\/a><\/strong> (Link im Men\u00fc Ihres Kontos), w\u00e4hlen Sie eine Gruppe aus und klicken Sie auf \"<strong>Verwalten Sie<\/strong>\" zu <strong>Lernende per E-Mail einladen<\/strong> oder <strong>Link einladen<\/strong> und Pl\u00e4tze zuweisen.<br><img loading=\"lazy\" decoding=\"async\" width=\"355\" height=\"256\" class=\"wp-image-1364\" style=\"width: auto;\" src=\"https:\/\/training.3d2cut.com\/wp-content\/uploads\/2025\/09\/Manage-groups.png\" alt=\"\" srcset=\"https:\/\/training.3d2cut.com\/wp-content\/uploads\/2025\/09\/Manage-groups.png 355w, https:\/\/training.3d2cut.com\/wp-content\/uploads\/2025\/09\/Manage-groups-300x216.png 300w, https:\/\/training.3d2cut.com\/wp-content\/uploads\/2025\/09\/Manage-groups-18x12.png 18w\" sizes=\"auto, (max-width: 355px) 100vw, 355px\" \/><img loading=\"lazy\" decoding=\"async\" width=\"400\" height=\"427\" class=\"wp-image-1370\" style=\"width: 400px;\" src=\"https:\/\/training.3d2cut.com\/wp-content\/uploads\/2025\/09\/Invite-members.png\" alt=\"\" srcset=\"https:\/\/training.3d2cut.com\/wp-content\/uploads\/2025\/09\/Invite-members.png 610w, https:\/\/training.3d2cut.com\/wp-content\/uploads\/2025\/09\/Invite-members-281x300.png 281w, https:\/\/training.3d2cut.com\/wp-content\/uploads\/2025\/09\/Invite-members-11x12.png 11w, https:\/\/training.3d2cut.com\/wp-content\/uploads\/2025\/09\/Invite-members-500x534.png 500w\" sizes=\"auto, (max-width: 400px) 100vw, 400px\" \/><\/li>\n\n\n\n<li>Ihre Lernenden erhalten eine E-Mail mit:\n<ul class=\"wp-block-list\">\n<li>einen Link zu <strong>sich auf der Website anmelden<\/strong><\/li>\n\n\n\n<li>einen Link zu <strong>die iOS-App installieren<\/strong><\/li>\n\n\n\n<li>kurze Anweisungen zur Erl\u00e4uterung der <strong>Web \u2194 App<\/strong> Arbeitsablauf.<\/li>\n<\/ul>\n<\/li>\n\n\n\n<li><strong>Fortschritte verfolgen<\/strong> jederzeit von <strong>Meine Gruppen \/ Berichte<\/strong>: Sie sehen, wer Pl\u00e4tze angenommen hat, wie viele Lektionen absolviert wurden und wie aktiv die \u00dcbungen sind.<br><\/li>\n\n\n\n<li>Um sp\u00e4ter weitere Pl\u00e4tze zu kaufen, gehen Sie zu <strong><a href=\"https:\/\/training.3d2cut.com\/de\/dashboard\/my-groups\/\">Meine Gruppen<\/a><\/strong> (Link im Men\u00fc Ihres Kontos) und klicken Sie auf \"<strong>Zus\u00e4tzliche Sitze kaufen<\/strong>&#8220;.<br><img decoding=\"async\" class=\"wp-image-1370\" style=\"width: auto;\" src=\"https:\/\/training.3d2cut.com\/wp-content\/uploads\/2025\/10\/Screenshot-2025-10-02-093952.png\" alt=\"\"><img decoding=\"async\" class=\"wp-image-1370\" style=\"width: 400px;\" src=\"https:\/\/training.3d2cut.com\/wp-content\/uploads\/2025\/10\/Screenshot-2025-10-02-094134.png\" alt=\"\"><br><\/li>\n<\/ol>\n\n\n\n<p><strong>Tipp:<\/strong> Ermutigen Sie Ihr Team, die <strong>dasselbe Apple\/Google-Konto<\/strong> sowohl auf der <strong>ausbildung.3d2cut.com Website<\/strong> und die <strong>Praxis des Beschneidens<\/strong> <strong>App<\/strong>. Das Mischen von Konten (z. B. Google f\u00fcr die Arbeit im Web und Apple f\u00fcr die App) verhindert die Synchronisierung.<\/p>\n\n\n\n<h2 class=\"wp-block-heading\">Wenn Sie ein Anf\u00e4nger \/ Beschneider sind<\/h2>\n\n\n\n<ol class=\"wp-block-list\">\n<li><strong>\u00d6ffnen Sie die E-Mail-Einladung<\/strong> oder die <strong>Link einladen<\/strong> und <strong>Eintragen<\/strong> mit Apple oder Google.\n<ol class=\"wp-block-list\">\n<li>Wenn die von Ihnen angegebene E-Mail-Adresse nicht mit einem Apple- oder Google-Konto verkn\u00fcpft ist, k\u00f6nnen Sie ein solches erstellen, indem Sie <a href=\"https:\/\/accounts.google.com\/signup?utm_source=help\" target=\"_blank\" rel=\"noreferrer noopener\"><strong>Folgen Sie diesem Link<\/strong><\/a>.<\/li>\n\n\n\n<li>Geben Sie Ihren Vor- und Nachnamen ein &gt; Geben Sie Ihr Geburtsdatum und Geschlecht ein &gt; W\u00e4hlen Sie \"<strong>Vorhandene E-Mail verwenden<\/strong>\" &gt; Geben Sie den Code ein, den Sie in Ihrem E-Mail-Posteingang erhalten haben.<\/li>\n\n\n\n<li>Sobald diese E-Mail als Google-E-Mail erstellt wurde, k\u00f6nnen Sie sich nun \u00fcber den Einladungslink anmelden.<\/li>\n<\/ol>\n<\/li>\n\n\n\n<li><a href=\"https:\/\/apps.apple.com\/us\/app\/pruning-practice\/id6746447032\"><strong>Installieren Sie die iOS-App \"Baumschnittpraxis<\/strong><\/a> (Link in Ihrer E-Mail oder innerhalb des Kurses) und <strong>sich mit demselben Apple\/Google-Konto anmelden<\/strong> die auf der Website verwendet werden.<\/li>\n\n\n\n<li>W\u00e4hlen Sie den Kurs und <strong>erhalten started w<\/strong><strong>Videokurse zum Lernen<\/strong>. Wenn Sie fertig sind, klicken Sie auf <strong>Vollst\u00e4ndig markieren<\/strong> am Ende einer jeden Lektion.<\/li>\n\n\n\n<li>F\u00fcllen Sie in der App die <strong>\u00dcbungen, die durch diese Lektion freigeschaltet werden<\/strong>\n<ul class=\"wp-block-list\">\n<li><strong>Quizze<\/strong><\/li>\n\n\n\n<li><strong>Bildaufgaben<\/strong> (z. B. schlafende Knospen erkennen)<\/li>\n\n\n\n<li><strong>Interaktive Beschneidungs\u00fcbungen<\/strong><\/li>\n<\/ul>\n<\/li>\n\n\n\n<li><strong>Wiederholen Sie<\/strong>: Webvideo \u2192 Markierung komplett \u2192 App-\u00dcbungen.\n<ul class=\"wp-block-list\">\n<li>M\u00f6chten Sie lieber zuerst alle Videos sehen? Sie k\u00f6nnen <strong>alle Lektionen als abgeschlossen markieren<\/strong> auf der Website und machen dann <strong>alle \u00dcbungen am Ende<\/strong> in der App.<\/li>\n<\/ul>\n<\/li>\n\n\n\n<li>Verfolgen Sie Ihren eigenen Fortschritt in der App: <strong>Erfahrungspunkte<\/strong>, <strong>Wissensstand<\/strong> (Unterricht abgeschlossen), <strong>Pr\u00e4zision %<\/strong> (richtige Antworten), und <strong>Aktivit\u00e4tsprotokoll<\/strong>.<\/li>\n<\/ol>\n\n\n\n<h2 class=\"wp-block-heading\">Web \u2194 App: So funktioniert die Freischaltung und Synchronisierung<\/h2>\n\n\n\n<ul class=\"wp-block-list\">\n<li>Jede <strong>\u00dcbungen der Lektion<\/strong> freischalten <strong>erst nach<\/strong> Sie <strong>Vollst\u00e4ndig markieren<\/strong> auf der Website.<\/li>\n\n\n\n<li>Nach erfolgter Markierung, <strong>die App \u00f6ffnen<\/strong> \u2192 erscheinen die neuen \u00dcbungen. Wenn Sie sie nicht sehen:\n<ul class=\"wp-block-list\">\n<li>vergewissern Sie sich, dass Sie sich mit dem <strong>dasselbe Apple\/Google-Konto<\/strong> f\u00fcr Web und App<\/li>\n\n\n\n<li><strong>zum Auffrischen ziehen<\/strong> das Dashboard der App<\/li>\n\n\n\n<li>Schlie\u00dfen und \u00f6ffnen Sie die Anwendung nach einigen Sekunden erneut<\/li>\n<\/ul>\n<\/li>\n\n\n\n<li>Sie k\u00f6nnen \u00dcbungen machen <strong>Lektion f\u00fcr Lektion<\/strong> oder <strong>alles auf einmal<\/strong> nachdem er alle Lektionen als abgeschlossen markiert hat.<\/li>\n<\/ul>\n\n\n\n<h2 class=\"wp-block-heading\">In-App-Navigation<\/h2>\n\n\n\n<p>Brauchen Sie eine Tour durch die App? Lesen Sie die <a href=\"https:\/\/training.3d2cut.com\/de\/user-manuals\/\" data-type=\"page\" data-id=\"520\">Benutzerhandbuch<\/a><\/p>\n\n\n\n<div style=\"height:100px\" aria-hidden=\"true\" class=\"wp-block-spacer\"><\/div>","protected":false},"excerpt":{"rendered":"<p>Digital Vine Pruning Training \u2014 How it works Brief Introduction (5 steps) What you need If you\u2019re a Vineyard Manager (buying seats &amp; inviting your team) Tip: Encourage your team to use the same Apple\/Google account on both the training.3d2cut.com website and the Pruning Practice App. Mixing accounts (e.g., work Google on the web, personal [&hellip;]<\/p>\n","protected":false},"author":87,"featured_media":0,"parent":0,"menu_order":0,"comment_status":"closed","ping_status":"closed","template":"","meta":{"content-type":"","footnotes":""},"class_list":["post-1383","page","type-page","status-publish","hentry"],"_links":{"self":[{"href":"https:\/\/training.3d2cut.com\/de\/wp-json\/wp\/v2\/pages\/1383","targetHints":{"allow":["GET"]}}],"collection":[{"href":"https:\/\/training.3d2cut.com\/de\/wp-json\/wp\/v2\/pages"}],"about":[{"href":"https:\/\/training.3d2cut.com\/de\/wp-json\/wp\/v2\/types\/page"}],"author":[{"embeddable":true,"href":"https:\/\/training.3d2cut.com\/de\/wp-json\/wp\/v2\/users\/87"}],"replies":[{"embeddable":true,"href":"https:\/\/training.3d2cut.com\/de\/wp-json\/wp\/v2\/comments?post=1383"}],"version-history":[{"count":25,"href":"https:\/\/training.3d2cut.com\/de\/wp-json\/wp\/v2\/pages\/1383\/revisions"}],"predecessor-version":[{"id":1872,"href":"https:\/\/training.3d2cut.com\/de\/wp-json\/wp\/v2\/pages\/1383\/revisions\/1872"}],"wp:attachment":[{"href":"https:\/\/training.3d2cut.com\/de\/wp-json\/wp\/v2\/media?parent=1383"}],"curies":[{"name":"wp","href":"https:\/\/api.w.org\/{rel}","templated":true}]}}